{"id":9598,"date":"2022-11-09T22:17:55","date_gmt":"2022-11-10T01:17:55","guid":{"rendered":"https:\/\/2024.fius.com.br\/?page_id=9598"},"modified":"2025-05-27T11:48:41","modified_gmt":"2025-05-27T14:48:41","slug":"infrastructure","status":"publish","type":"page","link":"https:\/\/www.fius.com.br\/en\/areas\/infrastructure\/","title":{"rendered":"Infrastructure"},"content":{"rendered":"\t\t<div data-elementor-type=\"wp-page\" data-elementor-id=\"9598\" class=\"elementor elementor-9598\" data-elementor-post-type=\"page\">\n\t\t\t\t\t\t<section class=\"elementor-section elementor-top-section elementor-element elementor-element-8411b2e elementor-section-stretched elementor-section-boxed elementor-section-height-default elementor-section-height-default\" data-id=\"8411b2e\" data-element_type=\"section\" data-e-type=\"section\" data-settings=\"{&quot;stretch_section&quot;:&quot;section-stretched&quot;,&quot;background_background&quot;:&quot;classic&quot;}\">\n\t\t\t\t\t\t<div class=\"elementor-container elementor-column-gap-default\">\n\t\t\t\t\t<div class=\"aux-parallax-section elementor-column elementor-col-100 elementor-top-column elementor-element elementor-element-bc49e59\" data-id=\"bc49e59\" data-element_type=\"column\" data-e-type=\"column\">\n\t\t\t<div class=\"elementor-widget-wrap elementor-element-populated\">\n\t\t\t\t\t\t<div class=\"elementor-element elementor-element-0926a1c elementor-icon-list--layout-inline elementor-widget__width-auto elementor-list-item-link-full_width elementor-widget elementor-widget-icon-list\" data-id=\"0926a1c\" data-element_type=\"widget\" data-e-type=\"widget\" data-widget_type=\"icon-list.default\">\n\t\t\t\t<div class=\"elementor-widget-container\">\n\t\t\t\t\t\t\t<ul class=\"elementor-icon-list-items elementor-inline-items\">\n\t\t\t\t\t\t\t<li class=\"elementor-icon-list-item elementor-inline-item\">\n\t\t\t\t\t\t\t\t\t\t\t<a href=\"https:\/\/www.fius.com.br\/areas\/\">\n\n\t\t\t\t\t\t\t\t\t\t\t<span class=\"elementor-icon-list-text\"><b>Area<\/b><\/span>\n\t\t\t\t\t\t\t\t\t\t\t<\/a>\n\t\t\t\t\t\t\t\t\t<\/li>\n\t\t\t\t\t\t\t\t<li class=\"elementor-icon-list-item elementor-inline-item\">\n\t\t\t\t\t\t\t\t\t\t<span class=\"elementor-icon-list-text\">Infrastructure<\/span>\n\t\t\t\t\t\t\t\t\t<\/li>\n\t\t\t\t\t\t<\/ul>\n\t\t\t\t\t\t<\/div>\n\t\t\t\t<\/div>\n\t\t\t\t<div class=\"elementor-element elementor-element-13a1179 elementor-widget__width-auto elementor-widget elementor-widget-image\" data-id=\"13a1179\" data-element_type=\"widget\" data-e-type=\"widget\" data-widget_type=\"image.default\">\n\t\t\t\t<div class=\"elementor-widget-container\">\n\t\t\t\t\t\t\t\t\t\t\t\t\t\t\t<img decoding=\"async\" width=\"106\" height=\"109\" src=\"https:\/\/www.fius.com.br\/wp-content\/uploads\/2022\/08\/icone-infraestrutura.png\" class=\"attachment-full size-full wp-image-510\" alt=\"\" \/>\t\t\t\t\t\t\t\t\t\t\t\t\t\t\t<\/div>\n\t\t\t\t<\/div>\n\t\t\t\t\t<\/div>\n\t\t<\/div>\n\t\t\t\t\t<\/div>\n\t\t<\/section>\n\t\t\t\t<section class=\"elementor-section elementor-top-section elementor-element elementor-element-30113f5 elementor-section-stretched elementor-section-boxed elementor-section-height-default elementor-section-height-default\" data-id=\"30113f5\" data-element_type=\"section\" data-e-type=\"section\" data-settings=\"{&quot;stretch_section&quot;:&quot;section-stretched&quot;,&quot;background_background&quot;:&quot;classic&quot;}\">\n\t\t\t\t\t\t<div class=\"elementor-container elementor-column-gap-default\">\n\t\t\t\t\t<div class=\"aux-parallax-section elementor-column elementor-col-100 elementor-top-column elementor-element elementor-element-b5626b5\" data-id=\"b5626b5\" data-element_type=\"column\" data-e-type=\"column\">\n\t\t\t<div class=\"elementor-widget-wrap elementor-element-populated\">\n\t\t\t\t\t\t<div class=\"elementor-element elementor-element-f31745d elementor-widget elementor-widget-spacer\" data-id=\"f31745d\" data-element_type=\"widget\" data-e-type=\"widget\" data-widget_type=\"spacer.default\">\n\t\t\t\t<div class=\"elementor-widget-container\">\n\t\t\t\t\t\t\t<div class=\"elementor-spacer\">\n\t\t\t<div class=\"elementor-spacer-inner\"><\/div>\n\t\t<\/div>\n\t\t\t\t\t\t<\/div>\n\t\t\t\t<\/div>\n\t\t\t\t\t<\/div>\n\t\t<\/div>\n\t\t\t\t\t<\/div>\n\t\t<\/section>\n\t\t\t\t<section class=\"elementor-section elementor-top-section elementor-element elementor-element-47e26a5 elementor-section-stretched elementor-reverse-tablet elementor-reverse-mobile elementor-section-boxed elementor-section-height-default elementor-section-height-default\" data-id=\"47e26a5\" data-element_type=\"section\" data-e-type=\"section\" data-settings=\"{&quot;stretch_section&quot;:&quot;section-stretched&quot;,&quot;background_background&quot;:&quot;classic&quot;}\">\n\t\t\t\t\t\t<div class=\"elementor-container elementor-column-gap-default\">\n\t\t\t\t\t<div class=\"aux-parallax-section elementor-column elementor-col-50 elementor-top-column elementor-element elementor-element-371f3f6\" data-id=\"371f3f6\" data-element_type=\"column\" data-e-type=\"column\">\n\t\t\t<div class=\"elementor-widget-wrap elementor-element-populated\">\n\t\t\t\t\t\t<div class=\"elementor-element elementor-element-b742c0a elementor-widget elementor-widget-text-editor\" data-id=\"b742c0a\" data-element_type=\"widget\" data-e-type=\"widget\" data-widget_type=\"text-editor.default\">\n\t\t\t\t<div class=\"elementor-widget-container\">\n\t\t\t\t\t\t\t\t\t<p><span style=\"font-size: 16.0016px;\">Our Infrastructure team at Finocchio e Ustra advises national and international clients on the structuring, contracting and implementation of infrastructure projects, as well as financing structures for projects of this nature.<\/span><\/p><p><span style=\"font-size: 16.0016px;\">Our area has solid experience in various infrastructure sectors and works with a multidisciplinary team, thus ensuring complete, effective and personalized solutions.<\/span><\/p><div>\u00a0<\/div><p><strong>Among the main areas of practice, the following stand out:<\/strong><\/p>\t\t\t\t\t\t\t\t<\/div>\n\t\t\t\t<\/div>\n\t\t\t\t<div class=\"elementor-element elementor-element-b0197c5 elementor-widget elementor-widget-text-editor\" data-id=\"b0197c5\" data-element_type=\"widget\" data-e-type=\"widget\" data-widget_type=\"text-editor.default\">\n\t\t\t\t<div class=\"elementor-widget-container\">\n\t\t\t\t\t\t\t\t\t<ul>\n<li><span style=\"font-size: 16.0016px;\">Regulatory advice to verify compliance with the standards of each sector involved in the project;<\/span><\/li><li><span style=\"font-size: 16.0016px;\">Advice on structured contracts in projects of this nature, such as construction contracts, EPC, EPC-M, turnkey, O&amp;M, among others;<\/span><\/li><li><span style=\"font-size: 16.0016px;\">Assistance in the analysis and preparation of integrated contractual models, such as Alliance Contracts, Integrated Project Delivery (IPD), Framework Alliance Agreement (FAC-1), among others;<\/span><\/li><li><span style=\"font-size: 16.0016px;\">Legal and fiscal structuring and formalization of projects aiming at accounting and fiscal, logistics and production efficiency gains;<\/span><\/li><li><span style=\"font-size: 16.0016px;\">Consulting in public procurement processes involving the management and administration of infrastructure assets, such as authorizations, concessions, public-private partnerships (PPP), leasing, among others;<\/span><\/li><li><span style=\"font-size: 16.0016px;\">Assistance in the presentation of infrastructure projects to public administration, either within the scope of the Expression of Interest Procedure (PMI) or through an Unsolicited Proposal (PNS);<\/span><\/li><li><span style=\"font-size: 16.0016px;\">Participation in public hearings and advice on public consultations involving the concession of infrastructure assets;<\/span><\/li><li><span style=\"font-size: 16.0016px;\">Advising clients on arbitration proceedings, economic-financial re-balancing claims and dispute boards;<\/span><\/li><li><span style=\"font-size: 16.0016px;\">Analysis of infrastructure projects from the perspective of compliance and compatibility with the ESG agenda;<\/span><\/li><li><span style=\"font-size: 16.0016px;\">Advice on the environmental licensing process for infrastructure projects, as well as advice aimed at promoting expropriations, when such responsibility lies with the concessionaire;<\/span><\/li><li><span style=\"font-size: 16.0016px;\">Advice on structuring and financing projects.<\/span><\/li>\n<\/ul>\t\t\t\t\t\t\t\t<\/div>\n\t\t\t\t<\/div>\n\t\t\t\t\t<\/div>\n\t\t<\/div>\n\t\t\t\t<div class=\"aux-parallax-section elementor-column elementor-col-50 elementor-top-column elementor-element elementor-element-a09bacb\" data-id=\"a09bacb\" data-element_type=\"column\" data-e-type=\"column\">\n\t\t\t<div class=\"elementor-widget-wrap elementor-element-populated\">\n\t\t\t\t\t\t<section class=\"elementor-section elementor-inner-section elementor-element elementor-element-3fbab4c elementor-section-boxed elementor-section-height-default elementor-section-height-default\" data-id=\"3fbab4c\" data-element_type=\"section\" data-e-type=\"section\">\n\t\t\t\t\t\t<div class=\"elementor-container elementor-column-gap-default\">\n\t\t\t\t\t<div class=\"aux-parallax-section elementor-column elementor-col-100 elementor-inner-column elementor-element elementor-element-b1d3f94\" data-id=\"b1d3f94\" data-element_type=\"column\" data-e-type=\"column\">\n\t\t\t<div class=\"elementor-widget-wrap elementor-element-populated\">\n\t\t\t\t\t\t<div class=\"elementor-element elementor-element-0138c63 elementor-widget elementor-widget-heading\" data-id=\"0138c63\" data-element_type=\"widget\" data-e-type=\"widget\" data-widget_type=\"heading.default\">\n\t\t\t\t<div class=\"elementor-widget-container\">\n\t\t\t\t\t<h2 class=\"elementor-heading-title elementor-size-default\">Partners and Area Coordinators<\/h2>\t\t\t\t<\/div>\n\t\t\t\t<\/div>\n\t\t\t\t<div class=\"elementor-element elementor-element-a9a43a9 elementor-widget elementor-widget-text-editor\" data-id=\"a9a43a9\" data-element_type=\"widget\" data-e-type=\"widget\" data-widget_type=\"text-editor.default\">\n\t\t\t\t<div class=\"elementor-widget-container\">\n\t\t\t\t\t\t\t\t\t<p>Partner | <span style=\"color: #333333;\"><strong><a style=\"color: #333333;\" href=\"https:\/\/www.fius.com.br\/en\/team\/luis-felipe-dalmedico-silveira\/\">LUIS FELIPE DALMEDICO SILVEIRA<\/a><\/strong><\/span><\/p>\t\t\t\t\t\t\t\t<\/div>\n\t\t\t\t<\/div>\n\t\t\t\t\t<\/div>\n\t\t<\/div>\n\t\t\t\t\t<\/div>\n\t\t<\/section>\n\t\t\t\t\t<\/div>\n\t\t<\/div>\n\t\t\t\t\t<\/div>\n\t\t<\/section>\n\t\t\t\t<section class=\"elementor-section elementor-top-section elementor-element elementor-element-3900938 elementor-section-stretched elementor-section-boxed elementor-section-height-default elementor-section-height-default\" data-id=\"3900938\" data-element_type=\"section\" data-e-type=\"section\" data-settings=\"{&quot;stretch_section&quot;:&quot;section-stretched&quot;,&quot;background_background&quot;:&quot;classic&quot;}\">\n\t\t\t\t\t\t<div class=\"elementor-container elementor-column-gap-default\">\n\t\t\t\t\t<div class=\"aux-parallax-section elementor-column elementor-col-100 elementor-top-column elementor-element elementor-element-4602347\" data-id=\"4602347\" data-element_type=\"column\" data-e-type=\"column\">\n\t\t\t<div class=\"elementor-widget-wrap elementor-element-populated\">\n\t\t\t\t\t\t<div class=\"elementor-element elementor-element-3ec1de5 elementor-widget elementor-widget-spacer\" data-id=\"3ec1de5\" data-element_type=\"widget\" data-e-type=\"widget\" data-widget_type=\"spacer.default\">\n\t\t\t\t<div class=\"elementor-widget-container\">\n\t\t\t\t\t\t\t<div class=\"elementor-spacer\">\n\t\t\t<div class=\"elementor-spacer-inner\"><\/div>\n\t\t<\/div>\n\t\t\t\t\t\t<\/div>\n\t\t\t\t<\/div>\n\t\t\t\t\t<\/div>\n\t\t<\/div>\n\t\t\t\t\t<\/div>\n\t\t<\/section>\n\t\t\t\t<section class=\"elementor-section elementor-top-section elementor-element elementor-element-1c1f3651 elementor-section-stretched elementor-section-boxed elementor-section-height-default elementor-section-height-default\" data-id=\"1c1f3651\" data-element_type=\"section\" data-e-type=\"section\" data-settings=\"{&quot;stretch_section&quot;:&quot;section-stretched&quot;,&quot;background_background&quot;:&quot;classic&quot;}\">\n\t\t\t\t\t\t<div class=\"elementor-container elementor-column-gap-default\">\n\t\t\t\t\t<div class=\"aux-parallax-section elementor-column elementor-col-100 elementor-top-column elementor-element elementor-element-56c5cb12\" data-id=\"56c5cb12\" data-element_type=\"column\" data-e-type=\"column\">\n\t\t\t<div class=\"elementor-widget-wrap elementor-element-populated\">\n\t\t\t\t\t\t\t<\/div>\n\t\t<\/div>\n\t\t\t\t\t<\/div>\n\t\t<\/section>\n\t\t\t\t<section class=\"elementor-section elementor-top-section elementor-element elementor-element-2770730 elementor-section-stretched elementor-section-boxed elementor-section-height-default elementor-section-height-default\" data-id=\"2770730\" data-element_type=\"section\" data-e-type=\"section\" data-settings=\"{&quot;stretch_section&quot;:&quot;section-stretched&quot;,&quot;background_background&quot;:&quot;classic&quot;}\">\n\t\t\t\t\t\t<div class=\"elementor-container elementor-column-gap-default\">\n\t\t\t\t\t<div class=\"aux-parallax-section elementor-column elementor-col-100 elementor-top-column elementor-element elementor-element-ca9e744\" data-id=\"ca9e744\" data-element_type=\"column\" data-e-type=\"column\">\n\t\t\t<div class=\"elementor-widget-wrap elementor-element-populated\">\n\t\t\t\t\t\t<div class=\"elementor-element elementor-element-293b3a4 elementor-widget elementor-widget-spacer\" data-id=\"293b3a4\" data-element_type=\"widget\" data-e-type=\"widget\" data-widget_type=\"spacer.default\">\n\t\t\t\t<div class=\"elementor-widget-container\">\n\t\t\t\t\t\t\t<div class=\"elementor-spacer\">\n\t\t\t<div class=\"elementor-spacer-inner\"><\/div>\n\t\t<\/div>\n\t\t\t\t\t\t<\/div>\n\t\t\t\t<\/div>\n\t\t\t\t\t<\/div>\n\t\t<\/div>\n\t\t\t\t\t<\/div>\n\t\t<\/section>\n\t\t\t\t<\/div>\n\t\t","protected":false},"excerpt":{"rendered":"<p>Area Infrastructure Our Infrastructure team at Finocchio e Ustra advises national and international clients on the structuring, contracting and implementation of infrastructure projects, as well as financing structures for projects of this nature. Our area has solid experience in various infrastructure sectors and works with a multidisciplinary team, thus ensuring complete, effective and personalized solutions. [&hellip;]<\/p>\n","protected":false},"author":1,"featured_media":0,"parent":9389,"menu_order":0,"comment_status":"closed","ping_status":"closed","template":"","meta":{"_acf_changed":false,"om_disable_all_campaigns":false,"_monsterinsights_skip_tracking":false,"_monsterinsights_sitenote_active":false,"_monsterinsights_sitenote_note":"","_monsterinsights_sitenote_category":0,"_uf_show_specific_survey":0,"_uf_disable_surveys":false,"footnotes":""},"coauthors":[58],"class_list":["post-9598","page","type-page","status-publish","hentry"],"acf":[],"yoast_head":"<!-- This site is optimized with the Yoast SEO plugin v27.5 - https:\/\/yoast.com\/product\/yoast-seo-wordpress\/ -->\n<title>Infrastructure - Finocchio &amp; Ustra Advogados - FIUS Advogados - Campinas \/ S\u00e3o Paulo<\/title>\n<meta name=\"robots\" content=\"index, follow, max-snippet:-1, max-image-preview:large, max-video-preview:-1\" \/>\n<link rel=\"canonical\" href=\"https:\/\/www.fius.com.br\/areas\/infraestrutura\/\" \/>\n<meta property=\"og:locale\" content=\"en_US\" \/>\n<meta property=\"og:type\" content=\"article\" \/>\n<meta property=\"og:title\" content=\"Infrastructure - Finocchio &amp; Ustra Advogados - FIUS Advogados - Campinas \/ S\u00e3o Paulo\" \/>\n<meta property=\"og:description\" content=\"Area Infrastructure Our Infrastructure team at Finocchio e Ustra advises national and international clients on the structuring, contracting and implementation of infrastructure projects, as well as financing structures for projects of this nature. Our area has solid experience in various infrastructure sectors and works with a multidisciplinary team, thus ensuring complete, effective and personalized solutions. [&hellip;]\" \/>\n<meta property=\"og:url\" content=\"https:\/\/www.fius.com.br\/areas\/infraestrutura\/\" \/>\n<meta property=\"og:site_name\" content=\"Finocchio &amp; Ustra Advogados - FIUS Advogados - Campinas \/ S\u00e3o Paulo\" \/>\n<meta property=\"article:modified_time\" content=\"2025-05-27T14:48:41+00:00\" \/>\n<meta property=\"og:image\" content=\"https:\/\/2024.fius.com.br\/wp-content\/uploads\/2022\/08\/icone-infraestrutura.png\" \/>\n<meta name=\"twitter:card\" content=\"summary_large_image\" \/>\n<meta name=\"twitter:label1\" content=\"Est. reading time\" \/>\n\t<meta name=\"twitter:data1\" content=\"2 minutes\" \/>\n<script type=\"application\/ld+json\" class=\"yoast-schema-graph\">{\"@context\":\"https:\\\/\\\/schema.org\",\"@graph\":[{\"@type\":\"WebPage\",\"@id\":\"https:\\\/\\\/www.fius.com.br\\\/areas\\\/infraestrutura\\\/\",\"url\":\"https:\\\/\\\/www.fius.com.br\\\/areas\\\/infraestrutura\\\/\",\"name\":\"Infrastructure - Finocchio &amp; Ustra Advogados - FIUS Advogados - Campinas \\\/ S\u00e3o Paulo\",\"isPartOf\":{\"@id\":\"https:\\\/\\\/www.fius.com.br\\\/#website\"},\"primaryImageOfPage\":{\"@id\":\"https:\\\/\\\/www.fius.com.br\\\/areas\\\/infraestrutura\\\/#primaryimage\"},\"image\":{\"@id\":\"https:\\\/\\\/www.fius.com.br\\\/areas\\\/infraestrutura\\\/#primaryimage\"},\"thumbnailUrl\":\"https:\\\/\\\/www.fius.com.br\\\/wp-content\\\/uploads\\\/2022\\\/08\\\/icone-infraestrutura.png\",\"datePublished\":\"2022-11-10T01:17:55+00:00\",\"dateModified\":\"2025-05-27T14:48:41+00:00\",\"breadcrumb\":{\"@id\":\"https:\\\/\\\/www.fius.com.br\\\/areas\\\/infraestrutura\\\/#breadcrumb\"},\"inLanguage\":\"en-US\",\"potentialAction\":[{\"@type\":\"ReadAction\",\"target\":[\"https:\\\/\\\/www.fius.com.br\\\/areas\\\/infraestrutura\\\/\"]}]},{\"@type\":\"ImageObject\",\"inLanguage\":\"en-US\",\"@id\":\"https:\\\/\\\/www.fius.com.br\\\/areas\\\/infraestrutura\\\/#primaryimage\",\"url\":\"https:\\\/\\\/www.fius.com.br\\\/wp-content\\\/uploads\\\/2022\\\/08\\\/icone-infraestrutura.png\",\"contentUrl\":\"https:\\\/\\\/www.fius.com.br\\\/wp-content\\\/uploads\\\/2022\\\/08\\\/icone-infraestrutura.png\"},{\"@type\":\"BreadcrumbList\",\"@id\":\"https:\\\/\\\/www.fius.com.br\\\/areas\\\/infraestrutura\\\/#breadcrumb\",\"itemListElement\":[{\"@type\":\"ListItem\",\"position\":1,\"name\":\"Practice areas\",\"item\":\"https:\\\/\\\/www.fius.com.br\\\/areas\\\/\"},{\"@type\":\"ListItem\",\"position\":2,\"name\":\"Infrastructure\"}]},{\"@type\":\"WebSite\",\"@id\":\"https:\\\/\\\/www.fius.com.br\\\/#website\",\"url\":\"https:\\\/\\\/www.fius.com.br\\\/\",\"name\":\"Finocchio & Ustra Advogados - FIUS Advogados - Campinas \\\/ S\u00e3o Paulo\",\"description\":\"Finocchio &amp; Ustra Advogados. Oferecemos suporte jur\u00eddico na gest\u00e3o de riscos e nos processos de tomada de decis\u00e3o para melhorar o neg\u00f3cio dos nossos clientes.\",\"publisher\":{\"@id\":\"https:\\\/\\\/www.fius.com.br\\\/#organization\"},\"potentialAction\":[{\"@type\":\"SearchAction\",\"target\":{\"@type\":\"EntryPoint\",\"urlTemplate\":\"https:\\\/\\\/www.fius.com.br\\\/?s={search_term_string}\"},\"query-input\":{\"@type\":\"PropertyValueSpecification\",\"valueRequired\":true,\"valueName\":\"search_term_string\"}}],\"inLanguage\":\"en-US\"},{\"@type\":\"Organization\",\"@id\":\"https:\\\/\\\/www.fius.com.br\\\/#organization\",\"name\":\"Finocchio & Ustra Advogados - FIUS Advogados - Campinas \\\/ S\u00e3o Paulo\",\"url\":\"https:\\\/\\\/www.fius.com.br\\\/\",\"logo\":{\"@type\":\"ImageObject\",\"inLanguage\":\"en-US\",\"@id\":\"https:\\\/\\\/www.fius.com.br\\\/#\\\/schema\\\/logo\\\/image\\\/\",\"url\":\"https:\\\/\\\/www.fius.com.br\\\/wp-content\\\/uploads\\\/2024\\\/02\\\/Logo-300x300-1.png\",\"contentUrl\":\"https:\\\/\\\/www.fius.com.br\\\/wp-content\\\/uploads\\\/2024\\\/02\\\/Logo-300x300-1.png\",\"width\":300,\"height\":300,\"caption\":\"Finocchio & Ustra Advogados - FIUS Advogados - Campinas \\\/ S\u00e3o Paulo\"},\"image\":{\"@id\":\"https:\\\/\\\/www.fius.com.br\\\/#\\\/schema\\\/logo\\\/image\\\/\"}}]}<\/script>\n<!-- \/ Yoast SEO plugin. -->","yoast_head_json":{"title":"Infrastructure - Finocchio &amp; Ustra Advogados - FIUS Advogados - Campinas \/ S\u00e3o Paulo","robots":{"index":"index","follow":"follow","max-snippet":"max-snippet:-1","max-image-preview":"max-image-preview:large","max-video-preview":"max-video-preview:-1"},"canonical":"https:\/\/www.fius.com.br\/areas\/infraestrutura\/","og_locale":"en_US","og_type":"article","og_title":"Infrastructure - Finocchio &amp; Ustra Advogados - FIUS Advogados - Campinas \/ S\u00e3o Paulo","og_description":"Area Infrastructure Our Infrastructure team at Finocchio e Ustra advises national and international clients on the structuring, contracting and implementation of infrastructure projects, as well as financing structures for projects of this nature. Our area has solid experience in various infrastructure sectors and works with a multidisciplinary team, thus ensuring complete, effective and personalized solutions. [&hellip;]","og_url":"https:\/\/www.fius.com.br\/areas\/infraestrutura\/","og_site_name":"Finocchio &amp; Ustra Advogados - FIUS Advogados - Campinas \/ S\u00e3o Paulo","article_modified_time":"2025-05-27T14:48:41+00:00","og_image":[{"url":"https:\/\/2024.fius.com.br\/wp-content\/uploads\/2022\/08\/icone-infraestrutura.png","type":"","width":"","height":""}],"twitter_card":"summary_large_image","twitter_misc":{"Est. reading time":"2 minutes"},"schema":{"@context":"https:\/\/schema.org","@graph":[{"@type":"WebPage","@id":"https:\/\/www.fius.com.br\/areas\/infraestrutura\/","url":"https:\/\/www.fius.com.br\/areas\/infraestrutura\/","name":"Infrastructure - Finocchio &amp; Ustra Advogados - FIUS Advogados - Campinas \/ S\u00e3o Paulo","isPartOf":{"@id":"https:\/\/www.fius.com.br\/#website"},"primaryImageOfPage":{"@id":"https:\/\/www.fius.com.br\/areas\/infraestrutura\/#primaryimage"},"image":{"@id":"https:\/\/www.fius.com.br\/areas\/infraestrutura\/#primaryimage"},"thumbnailUrl":"https:\/\/www.fius.com.br\/wp-content\/uploads\/2022\/08\/icone-infraestrutura.png","datePublished":"2022-11-10T01:17:55+00:00","dateModified":"2025-05-27T14:48:41+00:00","breadcrumb":{"@id":"https:\/\/www.fius.com.br\/areas\/infraestrutura\/#breadcrumb"},"inLanguage":"en-US","potentialAction":[{"@type":"ReadAction","target":["https:\/\/www.fius.com.br\/areas\/infraestrutura\/"]}]},{"@type":"ImageObject","inLanguage":"en-US","@id":"https:\/\/www.fius.com.br\/areas\/infraestrutura\/#primaryimage","url":"https:\/\/www.fius.com.br\/wp-content\/uploads\/2022\/08\/icone-infraestrutura.png","contentUrl":"https:\/\/www.fius.com.br\/wp-content\/uploads\/2022\/08\/icone-infraestrutura.png"},{"@type":"BreadcrumbList","@id":"https:\/\/www.fius.com.br\/areas\/infraestrutura\/#breadcrumb","itemListElement":[{"@type":"ListItem","position":1,"name":"Practice areas","item":"https:\/\/www.fius.com.br\/areas\/"},{"@type":"ListItem","position":2,"name":"Infrastructure"}]},{"@type":"WebSite","@id":"https:\/\/www.fius.com.br\/#website","url":"https:\/\/www.fius.com.br\/","name":"Finocchio & Ustra Advogados - FIUS Advogados - Campinas \/ S\u00e3o Paulo","description":"Finocchio &amp; Ustra Advogados. Oferecemos suporte jur\u00eddico na gest\u00e3o de riscos e nos processos de tomada de decis\u00e3o para melhorar o neg\u00f3cio dos nossos clientes.","publisher":{"@id":"https:\/\/www.fius.com.br\/#organization"},"potentialAction":[{"@type":"SearchAction","target":{"@type":"EntryPoint","urlTemplate":"https:\/\/www.fius.com.br\/?s={search_term_string}"},"query-input":{"@type":"PropertyValueSpecification","valueRequired":true,"valueName":"search_term_string"}}],"inLanguage":"en-US"},{"@type":"Organization","@id":"https:\/\/www.fius.com.br\/#organization","name":"Finocchio & Ustra Advogados - FIUS Advogados - Campinas \/ S\u00e3o Paulo","url":"https:\/\/www.fius.com.br\/","logo":{"@type":"ImageObject","inLanguage":"en-US","@id":"https:\/\/www.fius.com.br\/#\/schema\/logo\/image\/","url":"https:\/\/www.fius.com.br\/wp-content\/uploads\/2024\/02\/Logo-300x300-1.png","contentUrl":"https:\/\/www.fius.com.br\/wp-content\/uploads\/2024\/02\/Logo-300x300-1.png","width":300,"height":300,"caption":"Finocchio & Ustra Advogados - FIUS Advogados - Campinas \/ S\u00e3o Paulo"},"image":{"@id":"https:\/\/www.fius.com.br\/#\/schema\/logo\/image\/"}}]}},"_links":{"self":[{"href":"https:\/\/www.fius.com.br\/en\/wp-json\/wp\/v2\/pages\/9598","targetHints":{"allow":["GET"]}}],"collection":[{"href":"https:\/\/www.fius.com.br\/en\/wp-json\/wp\/v2\/pages"}],"about":[{"href":"https:\/\/www.fius.com.br\/en\/wp-json\/wp\/v2\/types\/page"}],"author":[{"embeddable":true,"href":"https:\/\/www.fius.com.br\/en\/wp-json\/wp\/v2\/users\/1"}],"replies":[{"embeddable":true,"href":"https:\/\/www.fius.com.br\/en\/wp-json\/wp\/v2\/comments?post=9598"}],"version-history":[{"count":16,"href":"https:\/\/www.fius.com.br\/en\/wp-json\/wp\/v2\/pages\/9598\/revisions"}],"predecessor-version":[{"id":22823,"href":"https:\/\/www.fius.com.br\/en\/wp-json\/wp\/v2\/pages\/9598\/revisions\/22823"}],"up":[{"embeddable":true,"href":"https:\/\/www.fius.com.br\/en\/wp-json\/wp\/v2\/pages\/9389"}],"wp:attachment":[{"href":"https:\/\/www.fius.com.br\/en\/wp-json\/wp\/v2\/media?parent=9598"}],"wp:term":[{"taxonomy":"author","embeddable":true,"href":"https:\/\/www.fius.com.br\/en\/wp-json\/wp\/v2\/coauthors?post=9598"}],"curies":[{"name":"wp","href":"https:\/\/api.w.org\/{rel}","templated":true}]}}