{"id":9531,"date":"2022-11-09T21:49:57","date_gmt":"2022-11-10T00:49:57","guid":{"rendered":"https:\/\/2024.fius.com.br\/?page_id=9531"},"modified":"2025-05-30T15:29:15","modified_gmt":"2025-05-30T18:29:15","slug":"tax-litigation-2","status":"publish","type":"page","link":"https:\/\/www.fius.com.br\/en\/areas\/tax-litigation-2\/","title":{"rendered":"Tax Litigation"},"content":{"rendered":"\t\t<div data-elementor-type=\"wp-page\" data-elementor-id=\"9531\" class=\"elementor elementor-9531\" data-elementor-post-type=\"page\">\n\t\t\t\t\t\t<section class=\"elementor-section elementor-top-section elementor-element elementor-element-8411b2e elementor-section-stretched elementor-section-boxed elementor-section-height-default elementor-section-height-default\" data-id=\"8411b2e\" data-element_type=\"section\" data-e-type=\"section\" data-settings=\"{&quot;stretch_section&quot;:&quot;section-stretched&quot;,&quot;background_background&quot;:&quot;classic&quot;}\">\n\t\t\t\t\t\t<div class=\"elementor-container elementor-column-gap-default\">\n\t\t\t\t\t<div class=\"aux-parallax-section elementor-column elementor-col-100 elementor-top-column elementor-element elementor-element-bc49e59\" data-id=\"bc49e59\" data-element_type=\"column\" data-e-type=\"column\">\n\t\t\t<div class=\"elementor-widget-wrap elementor-element-populated\">\n\t\t\t\t\t\t<div class=\"elementor-element elementor-element-0926a1c elementor-icon-list--layout-inline elementor-widget__width-auto elementor-list-item-link-full_width elementor-widget elementor-widget-icon-list\" data-id=\"0926a1c\" data-element_type=\"widget\" data-e-type=\"widget\" data-widget_type=\"icon-list.default\">\n\t\t\t\t<div class=\"elementor-widget-container\">\n\t\t\t\t\t\t\t<ul class=\"elementor-icon-list-items elementor-inline-items\">\n\t\t\t\t\t\t\t<li class=\"elementor-icon-list-item elementor-inline-item\">\n\t\t\t\t\t\t\t\t\t\t\t<a href=\"https:\/\/www.fius.com.br\/areas\/\">\n\n\t\t\t\t\t\t\t\t\t\t\t<span class=\"elementor-icon-list-text\"><b>Area<\/b><\/span>\n\t\t\t\t\t\t\t\t\t\t\t<\/a>\n\t\t\t\t\t\t\t\t\t<\/li>\n\t\t\t\t\t\t\t\t<li class=\"elementor-icon-list-item elementor-inline-item\">\n\t\t\t\t\t\t\t\t\t\t<span class=\"elementor-icon-list-text\">Litigation Tax<\/span>\n\t\t\t\t\t\t\t\t\t<\/li>\n\t\t\t\t\t\t<\/ul>\n\t\t\t\t\t\t<\/div>\n\t\t\t\t<\/div>\n\t\t\t\t<div class=\"elementor-element elementor-element-13a1179 elementor-widget__width-auto elementor-widget elementor-widget-image\" data-id=\"13a1179\" data-element_type=\"widget\" data-e-type=\"widget\" data-widget_type=\"image.default\">\n\t\t\t\t<div class=\"elementor-widget-container\">\n\t\t\t\t\t\t\t\t\t\t\t\t\t\t\t<img decoding=\"async\" width=\"110\" height=\"105\" src=\"https:\/\/www.fius.com.br\/wp-content\/uploads\/2022\/10\/icone-tributaria_judicial.png\" class=\"attachment-full size-full wp-image-9013\" alt=\"\" \/>\t\t\t\t\t\t\t\t\t\t\t\t\t\t\t<\/div>\n\t\t\t\t<\/div>\n\t\t\t\t\t<\/div>\n\t\t<\/div>\n\t\t\t\t\t<\/div>\n\t\t<\/section>\n\t\t\t\t<section class=\"elementor-section elementor-top-section elementor-element elementor-element-30113f5 elementor-section-stretched elementor-section-boxed elementor-section-height-default elementor-section-height-default\" data-id=\"30113f5\" data-element_type=\"section\" data-e-type=\"section\" data-settings=\"{&quot;stretch_section&quot;:&quot;section-stretched&quot;,&quot;background_background&quot;:&quot;classic&quot;}\">\n\t\t\t\t\t\t<div class=\"elementor-container elementor-column-gap-default\">\n\t\t\t\t\t<div class=\"aux-parallax-section elementor-column elementor-col-100 elementor-top-column elementor-element elementor-element-b5626b5\" data-id=\"b5626b5\" data-element_type=\"column\" data-e-type=\"column\">\n\t\t\t<div class=\"elementor-widget-wrap elementor-element-populated\">\n\t\t\t\t\t\t<div class=\"elementor-element elementor-element-f31745d elementor-widget elementor-widget-spacer\" data-id=\"f31745d\" data-element_type=\"widget\" data-e-type=\"widget\" data-widget_type=\"spacer.default\">\n\t\t\t\t<div class=\"elementor-widget-container\">\n\t\t\t\t\t\t\t<div class=\"elementor-spacer\">\n\t\t\t<div class=\"elementor-spacer-inner\"><\/div>\n\t\t<\/div>\n\t\t\t\t\t\t<\/div>\n\t\t\t\t<\/div>\n\t\t\t\t\t<\/div>\n\t\t<\/div>\n\t\t\t\t\t<\/div>\n\t\t<\/section>\n\t\t\t\t<section class=\"elementor-section elementor-top-section elementor-element elementor-element-47e26a5 elementor-section-stretched elementor-reverse-tablet elementor-reverse-mobile elementor-section-boxed elementor-section-height-default elementor-section-height-default\" data-id=\"47e26a5\" data-element_type=\"section\" data-e-type=\"section\" data-settings=\"{&quot;stretch_section&quot;:&quot;section-stretched&quot;,&quot;background_background&quot;:&quot;classic&quot;}\">\n\t\t\t\t\t\t<div class=\"elementor-container elementor-column-gap-default\">\n\t\t\t\t\t<div class=\"aux-parallax-section elementor-column elementor-col-50 elementor-top-column elementor-element elementor-element-371f3f6\" data-id=\"371f3f6\" data-element_type=\"column\" data-e-type=\"column\">\n\t\t\t<div class=\"elementor-widget-wrap elementor-element-populated\">\n\t\t\t\t\t\t<div class=\"elementor-element elementor-element-b742c0a elementor-widget elementor-widget-text-editor\" data-id=\"b742c0a\" data-element_type=\"widget\" data-e-type=\"widget\" data-widget_type=\"text-editor.default\">\n\t\t\t\t<div class=\"elementor-widget-container\">\n\t\t\t\t\t\t\t\t\t<p><span style=\"font-size: 16.0016px;\">Finocchio &amp; Ustra&#8217;s Tax Litigation department operates in an integrated manner in the administrative and judicial spheres, from the pre-creation phase of the claim to the final resolution of the dispute. With a highly specialized team, we offer customized solutions that combine technical excellence and knowledge of the client&#8217;s business, focusing on risk mitigation, defense of interests before the Tax Authorities and recovery of unduly claimed amounts.<\/span><\/p><p><strong>Among the main areas of activity, the following stand out:<\/strong><\/p>\t\t\t\t\t\t\t\t<\/div>\n\t\t\t\t<\/div>\n\t\t\t\t<div class=\"elementor-element elementor-element-b0197c5 elementor-widget elementor-widget-text-editor\" data-id=\"b0197c5\" data-element_type=\"widget\" data-e-type=\"widget\" data-widget_type=\"text-editor.default\">\n\t\t\t\t<div class=\"elementor-widget-container\">\n\t\t\t\t\t\t\t\t\t<div><p><b>JUDICIAL<\/b><\/p>\n<\/div>\n<ul>\n<li><span style=\"font-size: 16.0016px;\">Filing and conduction of lawsuits in all spheres (Federal, State and Municipal);<\/span><\/li>\n<li><span style=\"font-size: 16.0016px;\">Actions for recovery of taxes unduly paid or illegally claimed;<\/span><\/li>\n<li><span style=\"font-size: 16.0016px;\">Interposition of judicial measures to protect the interests of the taxpayer;<\/span><\/li>\n<li><span style=\"font-size: 16.0016px;\">Mapping and strategic management of tax liabilities;<\/span><\/li>\n<li><span style=\"font-size: 16.0016px;\">Tax due diligence;<\/span><\/li>\n<li><span style=\"font-size: 16.0016px;\">Risk analysis of tax operations carried out.<\/span><\/li>\n<\/ul>\t\t\t\t\t\t\t\t<\/div>\n\t\t\t\t<\/div>\n\t\t\t\t\t<\/div>\n\t\t<\/div>\n\t\t\t\t<div class=\"aux-parallax-section elementor-column elementor-col-50 elementor-top-column elementor-element elementor-element-a09bacb\" data-id=\"a09bacb\" data-element_type=\"column\" data-e-type=\"column\">\n\t\t\t<div class=\"elementor-widget-wrap elementor-element-populated\">\n\t\t\t\t\t\t<section class=\"elementor-section elementor-inner-section elementor-element elementor-element-3fbab4c elementor-section-boxed elementor-section-height-default elementor-section-height-default\" data-id=\"3fbab4c\" data-element_type=\"section\" data-e-type=\"section\">\n\t\t\t\t\t\t<div class=\"elementor-container elementor-column-gap-default\">\n\t\t\t\t\t<div class=\"aux-parallax-section elementor-column elementor-col-100 elementor-inner-column elementor-element elementor-element-b1d3f94\" data-id=\"b1d3f94\" data-element_type=\"column\" data-e-type=\"column\">\n\t\t\t<div class=\"elementor-widget-wrap elementor-element-populated\">\n\t\t\t\t\t\t<div class=\"elementor-element elementor-element-0138c63 elementor-widget elementor-widget-heading\" data-id=\"0138c63\" data-element_type=\"widget\" data-e-type=\"widget\" data-widget_type=\"heading.default\">\n\t\t\t\t<div class=\"elementor-widget-container\">\n\t\t\t\t\t<h2 class=\"elementor-heading-title elementor-size-default\">Partners and Area Coordinators<\/h2>\t\t\t\t<\/div>\n\t\t\t\t<\/div>\n\t\t\t\t<div class=\"elementor-element elementor-element-a9a43a9 elementor-widget elementor-widget-text-editor\" data-id=\"a9a43a9\" data-element_type=\"widget\" data-e-type=\"widget\" data-widget_type=\"text-editor.default\">\n\t\t\t\t<div class=\"elementor-widget-container\">\n\t\t\t\t\t\t\t\t\t<p>Partner | <span style=\"color: #3b3b3b;\"><a style=\"color: #3b3b3b;\" href=\"https:\/\/www.fius.com.br\/equipe\/octavio-lopes-santos-teixeira-brilhante-ustra\/\"><strong>Oct\u00e1vio Lopes Santos Teixeira Brilhante Ustra<\/strong><\/a><\/span><br \/>Partner | <span style=\"color: #3b3b3b;\"><strong><a style=\"color: #3b3b3b;\" href=\"https:\/\/www.fius.com.br\/equipe\/leandro-lucon\/\">LEANDRO LUCON<\/a> <\/strong><\/span><br \/>Partner | <span style=\"color: #3b3b3b;\"><a style=\"color: #3b3b3b;\" href=\"https:\/\/www.fius.com.br\/equipe\/juliana-camargo-amaro\/\"><strong>JULIANA CAMARGO AMARO<\/strong><\/a><\/span><strong><br \/><\/strong><\/p>\t\t\t\t\t\t\t\t<\/div>\n\t\t\t\t<\/div>\n\t\t\t\t\t<\/div>\n\t\t<\/div>\n\t\t\t\t\t<\/div>\n\t\t<\/section>\n\t\t\t\t\t<\/div>\n\t\t<\/div>\n\t\t\t\t\t<\/div>\n\t\t<\/section>\n\t\t\t\t<section class=\"elementor-section elementor-top-section elementor-element elementor-element-3900938 elementor-section-stretched elementor-section-boxed elementor-section-height-default elementor-section-height-default\" data-id=\"3900938\" data-element_type=\"section\" data-e-type=\"section\" data-settings=\"{&quot;stretch_section&quot;:&quot;section-stretched&quot;,&quot;background_background&quot;:&quot;classic&quot;}\">\n\t\t\t\t\t\t<div class=\"elementor-container elementor-column-gap-default\">\n\t\t\t\t\t<div class=\"aux-parallax-section elementor-column elementor-col-100 elementor-top-column elementor-element elementor-element-4602347\" data-id=\"4602347\" data-element_type=\"column\" data-e-type=\"column\">\n\t\t\t<div class=\"elementor-widget-wrap elementor-element-populated\">\n\t\t\t\t\t\t<div class=\"elementor-element elementor-element-3ec1de5 elementor-widget elementor-widget-spacer\" data-id=\"3ec1de5\" data-element_type=\"widget\" data-e-type=\"widget\" data-widget_type=\"spacer.default\">\n\t\t\t\t<div class=\"elementor-widget-container\">\n\t\t\t\t\t\t\t<div class=\"elementor-spacer\">\n\t\t\t<div class=\"elementor-spacer-inner\"><\/div>\n\t\t<\/div>\n\t\t\t\t\t\t<\/div>\n\t\t\t\t<\/div>\n\t\t\t\t\t<\/div>\n\t\t<\/div>\n\t\t\t\t\t<\/div>\n\t\t<\/section>\n\t\t\t\t<section class=\"elementor-section elementor-top-section elementor-element elementor-element-3553ad9e elementor-section-stretched elementor-section-boxed elementor-section-height-default elementor-section-height-default\" data-id=\"3553ad9e\" data-element_type=\"section\" data-e-type=\"section\" data-settings=\"{&quot;stretch_section&quot;:&quot;section-stretched&quot;,&quot;background_background&quot;:&quot;classic&quot;}\">\n\t\t\t\t\t\t<div class=\"elementor-container elementor-column-gap-default\">\n\t\t\t\t\t<div class=\"aux-parallax-section elementor-column elementor-col-100 elementor-top-column elementor-element elementor-element-2a86f6e1\" data-id=\"2a86f6e1\" data-element_type=\"column\" data-e-type=\"column\">\n\t\t\t<div class=\"elementor-widget-wrap elementor-element-populated\">\n\t\t\t\t\t\t\t<\/div>\n\t\t<\/div>\n\t\t\t\t\t<\/div>\n\t\t<\/section>\n\t\t\t\t<section class=\"elementor-section elementor-top-section elementor-element elementor-element-30541ae elementor-section-stretched elementor-section-boxed elementor-section-height-default elementor-section-height-default\" data-id=\"30541ae\" data-element_type=\"section\" data-e-type=\"section\" data-settings=\"{&quot;stretch_section&quot;:&quot;section-stretched&quot;,&quot;background_background&quot;:&quot;classic&quot;}\">\n\t\t\t\t\t\t<div class=\"elementor-container elementor-column-gap-default\">\n\t\t\t\t\t<div class=\"aux-parallax-section elementor-column elementor-col-100 elementor-top-column elementor-element elementor-element-918359f\" data-id=\"918359f\" data-element_type=\"column\" data-e-type=\"column\">\n\t\t\t<div class=\"elementor-widget-wrap elementor-element-populated\">\n\t\t\t\t\t\t<div class=\"elementor-element elementor-element-cb621bc elementor-widget elementor-widget-spacer\" data-id=\"cb621bc\" data-element_type=\"widget\" data-e-type=\"widget\" data-widget_type=\"spacer.default\">\n\t\t\t\t<div class=\"elementor-widget-container\">\n\t\t\t\t\t\t\t<div class=\"elementor-spacer\">\n\t\t\t<div class=\"elementor-spacer-inner\"><\/div>\n\t\t<\/div>\n\t\t\t\t\t\t<\/div>\n\t\t\t\t<\/div>\n\t\t\t\t\t<\/div>\n\t\t<\/div>\n\t\t\t\t\t<\/div>\n\t\t<\/section>\n\t\t\t\t<\/div>\n\t\t","protected":false},"excerpt":{"rendered":"<p>Area Litigation Tax Finocchio &amp; Ustra&#8217;s Tax Litigation department operates in an integrated manner in the administrative and judicial spheres, from the pre-creation phase of the claim to the final resolution of the dispute. With a highly specialized team, we offer customized solutions that combine technical excellence and knowledge of the client&#8217;s business, focusing on [&hellip;]<\/p>\n","protected":false},"author":1,"featured_media":0,"parent":9389,"menu_order":0,"comment_status":"closed","ping_status":"closed","template":"","meta":{"_acf_changed":false,"om_disable_all_campaigns":false,"_monsterinsights_skip_tracking":false,"_monsterinsights_sitenote_active":false,"_monsterinsights_sitenote_note":"","_monsterinsights_sitenote_category":0,"_uf_show_specific_survey":0,"_uf_disable_surveys":false,"footnotes":""},"coauthors":[58],"class_list":["post-9531","page","type-page","status-publish","hentry"],"acf":[],"yoast_head":"<!-- This site is optimized with the Yoast SEO plugin v27.4 - https:\/\/yoast.com\/product\/yoast-seo-wordpress\/ -->\n<title>Tax Litigation - Finocchio &amp; Ustra Advogados - FIUS Advogados - Campinas \/ S\u00e3o Paulo<\/title>\n<meta name=\"robots\" content=\"index, follow, max-snippet:-1, max-image-preview:large, max-video-preview:-1\" \/>\n<link rel=\"canonical\" href=\"https:\/\/www.fius.com.br\/areas\/tributaria-contenciosa-judicial\/\" \/>\n<meta property=\"og:locale\" content=\"en_US\" \/>\n<meta property=\"og:type\" content=\"article\" \/>\n<meta property=\"og:title\" content=\"Tax Litigation - Finocchio &amp; Ustra Advogados - FIUS Advogados - Campinas \/ S\u00e3o Paulo\" \/>\n<meta property=\"og:description\" content=\"Area Litigation Tax Finocchio &amp; Ustra&#8217;s Tax Litigation department operates in an integrated manner in the administrative and judicial spheres, from the pre-creation phase of the claim to the final resolution of the dispute. With a highly specialized team, we offer customized solutions that combine technical excellence and knowledge of the client&#8217;s business, focusing on [&hellip;]\" \/>\n<meta property=\"og:url\" content=\"https:\/\/www.fius.com.br\/areas\/tributaria-contenciosa-judicial\/\" \/>\n<meta property=\"og:site_name\" content=\"Finocchio &amp; Ustra Advogados - FIUS Advogados - Campinas \/ S\u00e3o Paulo\" \/>\n<meta property=\"article:modified_time\" content=\"2025-05-30T18:29:15+00:00\" \/>\n<meta property=\"og:image\" content=\"https:\/\/2024.fius.com.br\/wp-content\/uploads\/2022\/10\/icone-tributaria_judicial.png\" \/>\n<meta name=\"twitter:card\" content=\"summary_large_image\" \/>\n<meta name=\"twitter:label1\" content=\"Est. reading time\" \/>\n\t<meta name=\"twitter:data1\" content=\"2 minutes\" \/>\n<script type=\"application\/ld+json\" class=\"yoast-schema-graph\">{\"@context\":\"https:\\\/\\\/schema.org\",\"@graph\":[{\"@type\":\"WebPage\",\"@id\":\"https:\\\/\\\/www.fius.com.br\\\/areas\\\/tributaria-contenciosa-judicial\\\/\",\"url\":\"https:\\\/\\\/www.fius.com.br\\\/areas\\\/tributaria-contenciosa-judicial\\\/\",\"name\":\"Tax Litigation - Finocchio &amp; Ustra Advogados - FIUS Advogados - Campinas \\\/ S\u00e3o Paulo\",\"isPartOf\":{\"@id\":\"https:\\\/\\\/www.fius.com.br\\\/#website\"},\"primaryImageOfPage\":{\"@id\":\"https:\\\/\\\/www.fius.com.br\\\/areas\\\/tributaria-contenciosa-judicial\\\/#primaryimage\"},\"image\":{\"@id\":\"https:\\\/\\\/www.fius.com.br\\\/areas\\\/tributaria-contenciosa-judicial\\\/#primaryimage\"},\"thumbnailUrl\":\"https:\\\/\\\/www.fius.com.br\\\/wp-content\\\/uploads\\\/2022\\\/10\\\/icone-tributaria_judicial.png\",\"datePublished\":\"2022-11-10T00:49:57+00:00\",\"dateModified\":\"2025-05-30T18:29:15+00:00\",\"breadcrumb\":{\"@id\":\"https:\\\/\\\/www.fius.com.br\\\/areas\\\/tributaria-contenciosa-judicial\\\/#breadcrumb\"},\"inLanguage\":\"en-US\",\"potentialAction\":[{\"@type\":\"ReadAction\",\"target\":[\"https:\\\/\\\/www.fius.com.br\\\/areas\\\/tributaria-contenciosa-judicial\\\/\"]}]},{\"@type\":\"ImageObject\",\"inLanguage\":\"en-US\",\"@id\":\"https:\\\/\\\/www.fius.com.br\\\/areas\\\/tributaria-contenciosa-judicial\\\/#primaryimage\",\"url\":\"https:\\\/\\\/www.fius.com.br\\\/wp-content\\\/uploads\\\/2022\\\/10\\\/icone-tributaria_judicial.png\",\"contentUrl\":\"https:\\\/\\\/www.fius.com.br\\\/wp-content\\\/uploads\\\/2022\\\/10\\\/icone-tributaria_judicial.png\"},{\"@type\":\"BreadcrumbList\",\"@id\":\"https:\\\/\\\/www.fius.com.br\\\/areas\\\/tributaria-contenciosa-judicial\\\/#breadcrumb\",\"itemListElement\":[{\"@type\":\"ListItem\",\"position\":1,\"name\":\"Practice areas\",\"item\":\"https:\\\/\\\/www.fius.com.br\\\/areas\\\/\"},{\"@type\":\"ListItem\",\"position\":2,\"name\":\"Judicial Litigation Tax\"}]},{\"@type\":\"WebSite\",\"@id\":\"https:\\\/\\\/www.fius.com.br\\\/#website\",\"url\":\"https:\\\/\\\/www.fius.com.br\\\/\",\"name\":\"Finocchio & Ustra Advogados - FIUS Advogados - Campinas \\\/ S\u00e3o Paulo\",\"description\":\"Finocchio &amp; Ustra Advogados. Oferecemos suporte jur\u00eddico na gest\u00e3o de riscos e nos processos de tomada de decis\u00e3o para melhorar o neg\u00f3cio dos nossos clientes.\",\"publisher\":{\"@id\":\"https:\\\/\\\/www.fius.com.br\\\/#organization\"},\"potentialAction\":[{\"@type\":\"SearchAction\",\"target\":{\"@type\":\"EntryPoint\",\"urlTemplate\":\"https:\\\/\\\/www.fius.com.br\\\/?s={search_term_string}\"},\"query-input\":{\"@type\":\"PropertyValueSpecification\",\"valueRequired\":true,\"valueName\":\"search_term_string\"}}],\"inLanguage\":\"en-US\"},{\"@type\":\"Organization\",\"@id\":\"https:\\\/\\\/www.fius.com.br\\\/#organization\",\"name\":\"Finocchio & Ustra Advogados - FIUS Advogados - Campinas \\\/ S\u00e3o Paulo\",\"url\":\"https:\\\/\\\/www.fius.com.br\\\/\",\"logo\":{\"@type\":\"ImageObject\",\"inLanguage\":\"en-US\",\"@id\":\"https:\\\/\\\/www.fius.com.br\\\/#\\\/schema\\\/logo\\\/image\\\/\",\"url\":\"https:\\\/\\\/www.fius.com.br\\\/wp-content\\\/uploads\\\/2024\\\/02\\\/Logo-300x300-1.png\",\"contentUrl\":\"https:\\\/\\\/www.fius.com.br\\\/wp-content\\\/uploads\\\/2024\\\/02\\\/Logo-300x300-1.png\",\"width\":300,\"height\":300,\"caption\":\"Finocchio & Ustra Advogados - FIUS Advogados - Campinas \\\/ S\u00e3o Paulo\"},\"image\":{\"@id\":\"https:\\\/\\\/www.fius.com.br\\\/#\\\/schema\\\/logo\\\/image\\\/\"}}]}<\/script>\n<!-- \/ Yoast SEO plugin. -->","yoast_head_json":{"title":"Tax Litigation - Finocchio &amp; Ustra Advogados - FIUS Advogados - Campinas \/ S\u00e3o Paulo","robots":{"index":"index","follow":"follow","max-snippet":"max-snippet:-1","max-image-preview":"max-image-preview:large","max-video-preview":"max-video-preview:-1"},"canonical":"https:\/\/www.fius.com.br\/areas\/tributaria-contenciosa-judicial\/","og_locale":"en_US","og_type":"article","og_title":"Tax Litigation - Finocchio &amp; Ustra Advogados - FIUS Advogados - Campinas \/ S\u00e3o Paulo","og_description":"Area Litigation Tax Finocchio &amp; Ustra&#8217;s Tax Litigation department operates in an integrated manner in the administrative and judicial spheres, from the pre-creation phase of the claim to the final resolution of the dispute. With a highly specialized team, we offer customized solutions that combine technical excellence and knowledge of the client&#8217;s business, focusing on [&hellip;]","og_url":"https:\/\/www.fius.com.br\/areas\/tributaria-contenciosa-judicial\/","og_site_name":"Finocchio &amp; Ustra Advogados - FIUS Advogados - Campinas \/ S\u00e3o Paulo","article_modified_time":"2025-05-30T18:29:15+00:00","og_image":[{"url":"https:\/\/2024.fius.com.br\/wp-content\/uploads\/2022\/10\/icone-tributaria_judicial.png","type":"","width":"","height":""}],"twitter_card":"summary_large_image","twitter_misc":{"Est. reading time":"2 minutes"},"schema":{"@context":"https:\/\/schema.org","@graph":[{"@type":"WebPage","@id":"https:\/\/www.fius.com.br\/areas\/tributaria-contenciosa-judicial\/","url":"https:\/\/www.fius.com.br\/areas\/tributaria-contenciosa-judicial\/","name":"Tax Litigation - Finocchio &amp; Ustra Advogados - FIUS Advogados - Campinas \/ S\u00e3o Paulo","isPartOf":{"@id":"https:\/\/www.fius.com.br\/#website"},"primaryImageOfPage":{"@id":"https:\/\/www.fius.com.br\/areas\/tributaria-contenciosa-judicial\/#primaryimage"},"image":{"@id":"https:\/\/www.fius.com.br\/areas\/tributaria-contenciosa-judicial\/#primaryimage"},"thumbnailUrl":"https:\/\/www.fius.com.br\/wp-content\/uploads\/2022\/10\/icone-tributaria_judicial.png","datePublished":"2022-11-10T00:49:57+00:00","dateModified":"2025-05-30T18:29:15+00:00","breadcrumb":{"@id":"https:\/\/www.fius.com.br\/areas\/tributaria-contenciosa-judicial\/#breadcrumb"},"inLanguage":"en-US","potentialAction":[{"@type":"ReadAction","target":["https:\/\/www.fius.com.br\/areas\/tributaria-contenciosa-judicial\/"]}]},{"@type":"ImageObject","inLanguage":"en-US","@id":"https:\/\/www.fius.com.br\/areas\/tributaria-contenciosa-judicial\/#primaryimage","url":"https:\/\/www.fius.com.br\/wp-content\/uploads\/2022\/10\/icone-tributaria_judicial.png","contentUrl":"https:\/\/www.fius.com.br\/wp-content\/uploads\/2022\/10\/icone-tributaria_judicial.png"},{"@type":"BreadcrumbList","@id":"https:\/\/www.fius.com.br\/areas\/tributaria-contenciosa-judicial\/#breadcrumb","itemListElement":[{"@type":"ListItem","position":1,"name":"Practice areas","item":"https:\/\/www.fius.com.br\/areas\/"},{"@type":"ListItem","position":2,"name":"Judicial Litigation Tax"}]},{"@type":"WebSite","@id":"https:\/\/www.fius.com.br\/#website","url":"https:\/\/www.fius.com.br\/","name":"Finocchio & Ustra Advogados - FIUS Advogados - Campinas \/ S\u00e3o Paulo","description":"Finocchio &amp; Ustra Advogados. Oferecemos suporte jur\u00eddico na gest\u00e3o de riscos e nos processos de tomada de decis\u00e3o para melhorar o neg\u00f3cio dos nossos clientes.","publisher":{"@id":"https:\/\/www.fius.com.br\/#organization"},"potentialAction":[{"@type":"SearchAction","target":{"@type":"EntryPoint","urlTemplate":"https:\/\/www.fius.com.br\/?s={search_term_string}"},"query-input":{"@type":"PropertyValueSpecification","valueRequired":true,"valueName":"search_term_string"}}],"inLanguage":"en-US"},{"@type":"Organization","@id":"https:\/\/www.fius.com.br\/#organization","name":"Finocchio & Ustra Advogados - FIUS Advogados - Campinas \/ S\u00e3o Paulo","url":"https:\/\/www.fius.com.br\/","logo":{"@type":"ImageObject","inLanguage":"en-US","@id":"https:\/\/www.fius.com.br\/#\/schema\/logo\/image\/","url":"https:\/\/www.fius.com.br\/wp-content\/uploads\/2024\/02\/Logo-300x300-1.png","contentUrl":"https:\/\/www.fius.com.br\/wp-content\/uploads\/2024\/02\/Logo-300x300-1.png","width":300,"height":300,"caption":"Finocchio & Ustra Advogados - FIUS Advogados - Campinas \/ S\u00e3o Paulo"},"image":{"@id":"https:\/\/www.fius.com.br\/#\/schema\/logo\/image\/"}}]}},"_links":{"self":[{"href":"https:\/\/www.fius.com.br\/en\/wp-json\/wp\/v2\/pages\/9531","targetHints":{"allow":["GET"]}}],"collection":[{"href":"https:\/\/www.fius.com.br\/en\/wp-json\/wp\/v2\/pages"}],"about":[{"href":"https:\/\/www.fius.com.br\/en\/wp-json\/wp\/v2\/types\/page"}],"author":[{"embeddable":true,"href":"https:\/\/www.fius.com.br\/en\/wp-json\/wp\/v2\/users\/1"}],"replies":[{"embeddable":true,"href":"https:\/\/www.fius.com.br\/en\/wp-json\/wp\/v2\/comments?post=9531"}],"version-history":[{"count":18,"href":"https:\/\/www.fius.com.br\/en\/wp-json\/wp\/v2\/pages\/9531\/revisions"}],"predecessor-version":[{"id":23051,"href":"https:\/\/www.fius.com.br\/en\/wp-json\/wp\/v2\/pages\/9531\/revisions\/23051"}],"up":[{"embeddable":true,"href":"https:\/\/www.fius.com.br\/en\/wp-json\/wp\/v2\/pages\/9389"}],"wp:attachment":[{"href":"https:\/\/www.fius.com.br\/en\/wp-json\/wp\/v2\/media?parent=9531"}],"wp:term":[{"taxonomy":"author","embeddable":true,"href":"https:\/\/www.fius.com.br\/en\/wp-json\/wp\/v2\/coauthors?post=9531"}],"curies":[{"name":"wp","href":"https:\/\/api.w.org\/{rel}","templated":true}]}}