{"id":21895,"date":"2025-03-19T14:23:55","date_gmt":"2025-03-19T17:23:55","guid":{"rendered":"https:\/\/www.fius.com.br\/?page_id=21895"},"modified":"2025-07-11T11:38:25","modified_gmt":"2025-07-11T14:38:25","slug":"fernanda-de-almeida-prado-sampaio-2","status":"publish","type":"page","link":"https:\/\/www.fius.com.br\/en\/team\/fernanda-de-almeida-prado-sampaio-2\/","title":{"rendered":"FERNANDA DE ALMEIDA PRADO SAMPAIO"},"content":{"rendered":"\t\t<div data-elementor-type=\"wp-page\" data-elementor-id=\"21895\" class=\"elementor elementor-21895\" data-elementor-post-type=\"page\">\n\t\t\t\t\t\t<section class=\"elementor-section elementor-top-section elementor-element elementor-element-8411b2e elementor-section-stretched elementor-section-boxed elementor-section-height-default elementor-section-height-default\" data-id=\"8411b2e\" data-element_type=\"section\" data-e-type=\"section\" data-settings=\"{&quot;stretch_section&quot;:&quot;section-stretched&quot;,&quot;background_background&quot;:&quot;classic&quot;}\">\n\t\t\t\t\t\t<div class=\"elementor-container elementor-column-gap-default\">\n\t\t\t\t\t<div class=\"aux-parallax-section elementor-column elementor-col-100 elementor-top-column elementor-element elementor-element-bc49e59\" data-id=\"bc49e59\" data-element_type=\"column\" data-e-type=\"column\">\n\t\t\t<div class=\"elementor-widget-wrap elementor-element-populated\">\n\t\t\t\t\t\t<div class=\"elementor-element elementor-element-0926a1c elementor-icon-list--layout-inline elementor-widget__width-auto elementor-list-item-link-full_width elementor-widget elementor-widget-icon-list\" data-id=\"0926a1c\" data-element_type=\"widget\" data-e-type=\"widget\" data-widget_type=\"icon-list.default\">\n\t\t\t\t<div class=\"elementor-widget-container\">\n\t\t\t\t\t\t\t<ul class=\"elementor-icon-list-items elementor-inline-items\">\n\t\t\t\t\t\t\t<li class=\"elementor-icon-list-item elementor-inline-item\">\n\t\t\t\t\t\t\t\t\t\t\t<a href=\"https:\/\/www.fius.com.br\/areas\/\">\n\n\t\t\t\t\t\t\t\t\t\t\t<span class=\"elementor-icon-list-text\"><b>Area<\/b><\/span>\n\t\t\t\t\t\t\t\t\t\t\t<\/a>\n\t\t\t\t\t\t\t\t\t<\/li>\n\t\t\t\t\t\t\t\t<li class=\"elementor-icon-list-item elementor-inline-item\">\n\t\t\t\t\t\t\t\t\t\t<span class=\"elementor-icon-list-text\">Tax Advisory<\/span>\n\t\t\t\t\t\t\t\t\t<\/li>\n\t\t\t\t\t\t<\/ul>\n\t\t\t\t\t\t<\/div>\n\t\t\t\t<\/div>\n\t\t\t\t\t<\/div>\n\t\t<\/div>\n\t\t\t\t\t<\/div>\n\t\t<\/section>\n\t\t\t\t<section class=\"elementor-section elementor-top-section elementor-element elementor-element-30113f5 elementor-section-stretched elementor-section-boxed elementor-section-height-default elementor-section-height-default\" data-id=\"30113f5\" data-element_type=\"section\" data-e-type=\"section\" data-settings=\"{&quot;stretch_section&quot;:&quot;section-stretched&quot;,&quot;background_background&quot;:&quot;classic&quot;}\">\n\t\t\t\t\t\t<div class=\"elementor-container elementor-column-gap-default\">\n\t\t\t\t\t<div class=\"aux-parallax-section elementor-column elementor-col-100 elementor-top-column elementor-element elementor-element-b5626b5\" data-id=\"b5626b5\" data-element_type=\"column\" data-e-type=\"column\">\n\t\t\t<div class=\"elementor-widget-wrap elementor-element-populated\">\n\t\t\t\t\t\t<div class=\"elementor-element elementor-element-f31745d elementor-widget elementor-widget-spacer\" data-id=\"f31745d\" data-element_type=\"widget\" data-e-type=\"widget\" data-widget_type=\"spacer.default\">\n\t\t\t\t<div class=\"elementor-widget-container\">\n\t\t\t\t\t\t\t<div class=\"elementor-spacer\">\n\t\t\t<div class=\"elementor-spacer-inner\"><\/div>\n\t\t<\/div>\n\t\t\t\t\t\t<\/div>\n\t\t\t\t<\/div>\n\t\t\t\t\t<\/div>\n\t\t<\/div>\n\t\t\t\t\t<\/div>\n\t\t<\/section>\n\t\t\t\t<section class=\"elementor-section elementor-top-section elementor-element elementor-element-47e26a5 elementor-section-stretched elementor-reverse-tablet elementor-reverse-mobile elementor-section-boxed elementor-section-height-default elementor-section-height-default\" data-id=\"47e26a5\" data-element_type=\"section\" data-e-type=\"section\" data-settings=\"{&quot;stretch_section&quot;:&quot;section-stretched&quot;,&quot;background_background&quot;:&quot;classic&quot;}\">\n\t\t\t\t\t\t<div class=\"elementor-container elementor-column-gap-wide\">\n\t\t\t\t\t<div class=\"aux-parallax-section elementor-column elementor-col-50 elementor-top-column elementor-element elementor-element-371f3f6\" data-id=\"371f3f6\" data-element_type=\"column\" data-e-type=\"column\">\n\t\t\t<div class=\"elementor-widget-wrap elementor-element-populated\">\n\t\t\t\t\t\t<div class=\"elementor-element elementor-element-b742c0a elementor-widget elementor-widget-text-editor\" data-id=\"b742c0a\" data-element_type=\"widget\" data-e-type=\"widget\" data-widget_type=\"text-editor.default\">\n\t\t\t\t<div class=\"elementor-widget-container\">\n\t\t\t\t\t\t\t\t\t<p>Fernanda is a Tax Law specialist, with relevant experience in projects related to direct taxes, tax benefits arising from Technological Innovation, consultations, tax opinions, due diligence, tax planning, inspection monitoring, ancillary obligations, compliance, and tax reviews. She has been working for FIUS for five years and is the Coordinator of the Tax Advisory area, assisting the firm\u2019s clients with several tax issues.<\/p><p><strong>Member of the Brazilian Bar Association (OAB)<\/strong><\/p>\t\t\t\t\t\t\t\t<\/div>\n\t\t\t\t<\/div>\n\t\t\t\t<div class=\"elementor-element elementor-element-b0197c5 elementor-widget elementor-widget-text-editor\" data-id=\"b0197c5\" data-element_type=\"widget\" data-e-type=\"widget\" data-widget_type=\"text-editor.default\">\n\t\t\t\t<div class=\"elementor-widget-container\">\n\t\t\t\t\t\t\t\t\t<ul><li>Bachelor of Laws, Pontif\u00edcia Universidade Cat\u00f3lica de Campinas (PUC), 2013<\/li><li>Postgraduate in Tax Law, Instituto Brasileiro de Estudos Tribut\u00e1rios (IBET), 2018<\/li><\/ul>\t\t\t\t\t\t\t\t<\/div>\n\t\t\t\t<\/div>\n\t\t\t\t<div class=\"elementor-element elementor-element-f1ddaf3 elementor-widget elementor-widget-text-editor\" data-id=\"f1ddaf3\" data-element_type=\"widget\" data-e-type=\"widget\" data-widget_type=\"text-editor.default\">\n\t\t\t\t<div class=\"elementor-widget-container\">\n\t\t\t\t\t\t\t\t\t<div data-id=\"baf7e31\" data-element_type=\"widget\" data-widget_type=\"text-editor.default\"><div><p><strong><span lang=\"PT-BR\" xml:lang=\"PT-BR\" data-contrast=\"auto\">Recognitions<\/span><\/strong><\/p><p>An\u00e1lise Advocacia Mulher \u2013 Tax (2025); Food, Beverage and Tobacco (2025).<\/p><p>An\u00e1lise Advocacia Regional &#8211;\u00a0Countryside of S\u00e3o Paulo (2025)<\/p><\/div><\/div>\t\t\t\t\t\t\t\t<\/div>\n\t\t\t\t<\/div>\n\t\t\t\t\t<\/div>\n\t\t<\/div>\n\t\t\t\t<div class=\"aux-parallax-section elementor-column elementor-col-50 elementor-top-column elementor-element elementor-element-a09bacb\" data-id=\"a09bacb\" data-element_type=\"column\" data-e-type=\"column\">\n\t\t\t<div class=\"elementor-widget-wrap elementor-element-populated\">\n\t\t\t\t\t\t<section class=\"elementor-section elementor-inner-section elementor-element elementor-element-3fbab4c elementor-section-boxed elementor-section-height-default elementor-section-height-default\" data-id=\"3fbab4c\" data-element_type=\"section\" data-e-type=\"section\">\n\t\t\t\t\t\t<div class=\"elementor-container elementor-column-gap-default\">\n\t\t\t\t\t<div class=\"aux-parallax-section elementor-column elementor-col-100 elementor-inner-column elementor-element elementor-element-b1d3f94\" data-id=\"b1d3f94\" data-element_type=\"column\" data-e-type=\"column\">\n\t\t\t<div class=\"elementor-widget-wrap elementor-element-populated\">\n\t\t\t\t\t\t<div class=\"elementor-element elementor-element-c8a0e3a elementor-widget elementor-widget-image\" data-id=\"c8a0e3a\" data-element_type=\"widget\" data-e-type=\"widget\" data-widget_type=\"image.default\">\n\t\t\t\t<div class=\"elementor-widget-container\">\n\t\t\t\t\t\t\t\t\t\t\t\t\t\t\t<img fetchpriority=\"high\" decoding=\"async\" width=\"224\" height=\"224\" src=\"https:\/\/www.fius.com.br\/wp-content\/uploads\/2025\/03\/Fernanda-2.png\" class=\"attachment-full size-full wp-image-22145\" alt=\"\" srcset=\"https:\/\/www.fius.com.br\/wp-content\/uploads\/2025\/03\/Fernanda-2.png 224w, https:\/\/www.fius.com.br\/wp-content\/uploads\/2025\/03\/Fernanda-2-150x150.png 150w, https:\/\/www.fius.com.br\/wp-content\/uploads\/2025\/03\/Fernanda-2-120x120.png 120w\" sizes=\"(max-width: 224px) 100vw, 224px\" \/>\t\t\t\t\t\t\t\t\t\t\t\t\t\t\t<\/div>\n\t\t\t\t<\/div>\n\t\t\t\t<div class=\"elementor-element elementor-element-0138c63 elementor-widget elementor-widget-heading\" data-id=\"0138c63\" data-element_type=\"widget\" data-e-type=\"widget\" data-widget_type=\"heading.default\">\n\t\t\t\t<div class=\"elementor-widget-container\">\n\t\t\t\t\t<div class=\"elementor-heading-title elementor-size-default\">FERNANDA DE ALMEIDA PRADO SAMPAIO<\/div>\t\t\t\t<\/div>\n\t\t\t\t<\/div>\n\t\t\t\t<div class=\"elementor-element elementor-element-a9a43a9 elementor-widget elementor-widget-text-editor\" data-id=\"a9a43a9\" data-element_type=\"widget\" data-e-type=\"widget\" data-widget_type=\"text-editor.default\">\n\t\t\t\t<div class=\"elementor-widget-container\">\n\t\t\t\t\t\t\t\t\t<p><strong>Partner<\/strong><\/p>\t\t\t\t\t\t\t\t<\/div>\n\t\t\t\t<\/div>\n\t\t\t\t<div class=\"elementor-element elementor-element-79e2851 elementor-widget elementor-widget-text-editor\" data-id=\"79e2851\" data-element_type=\"widget\" data-e-type=\"widget\" data-widget_type=\"text-editor.default\">\n\t\t\t\t<div class=\"elementor-widget-container\">\n\t\t\t\t\t\t\t\t\t<p><em><span style=\"color: #0084c2;\"><a style=\"color: #0084c2;\" href=\"mailto:fernanda.sampaio@fius.com.br\" target=\"_blank\" rel=\"noopener\">fernanda.sampaio@fius.com.br<\/a><\/span><\/em><\/p>\t\t\t\t\t\t\t\t<\/div>\n\t\t\t\t<\/div>\n\t\t\t\t<div class=\"elementor-element elementor-element-15c20b0 elementor-widget elementor-widget-gallery\" data-id=\"15c20b0\" data-element_type=\"widget\" data-e-type=\"widget\" data-settings=\"{&quot;gallery_layout&quot;:&quot;masonry&quot;,&quot;columns&quot;:6,&quot;columns_tablet&quot;:6,&quot;columns_mobile&quot;:4,&quot;lazyload&quot;:&quot;yes&quot;,&quot;gap&quot;:{&quot;unit&quot;:&quot;px&quot;,&quot;size&quot;:10,&quot;sizes&quot;:[]},&quot;gap_laptop&quot;:{&quot;unit&quot;:&quot;px&quot;,&quot;size&quot;:10,&quot;sizes&quot;:[]},&quot;gap_tablet&quot;:{&quot;unit&quot;:&quot;px&quot;,&quot;size&quot;:10,&quot;sizes&quot;:[]},&quot;gap_mobile&quot;:{&quot;unit&quot;:&quot;px&quot;,&quot;size&quot;:10,&quot;sizes&quot;:[]},&quot;content_hover_animation&quot;:&quot;fade-in&quot;}\" data-widget_type=\"gallery.default\">\n\t\t\t\t<div class=\"elementor-widget-container\">\n\t\t\t\t\t\t\t<div class=\"elementor-gallery__container\">\n\t\t\t\t\t\t\t<div class=\"e-gallery-item elementor-gallery-item elementor-animated-content\">\n\t\t\t\t\t<div class=\"e-gallery-image elementor-gallery-item__image\" data-thumbnail=\"https:\/\/www.fius.com.br\/wp-content\/uploads\/2025\/07\/SELO__SELO_REG_ADVOGADA_site.png\" data-width=\"400\" data-height=\"400\" aria-label=\"\" role=\"img\" ><\/div>\n\t\t\t\t\t\t\t\t\t\t\t\t\t\t<\/div>\n\t\t\t\t\t\t\t<div class=\"e-gallery-item elementor-gallery-item elementor-animated-content\">\n\t\t\t\t\t<div class=\"e-gallery-image elementor-gallery-item__image\" data-thumbnail=\"https:\/\/www.fius.com.br\/wp-content\/uploads\/2025\/03\/analise-mulher-2025-site.png\" data-width=\"400\" data-height=\"400\" aria-label=\"\" role=\"img\" ><\/div>\n\t\t\t\t\t\t\t\t\t\t\t\t\t\t<\/div>\n\t\t\t\t\t\t\t<div class=\"e-gallery-item elementor-gallery-item elementor-animated-content\">\n\t\t\t\t\t<div class=\"e-gallery-image elementor-gallery-item__image\" data-thumbnail=\"https:\/\/www.fius.com.br\/wp-content\/uploads\/2024\/12\/indicacao-advogada.png\" data-width=\"400\" data-height=\"400\" aria-label=\"\" role=\"img\" ><\/div>\n\t\t\t\t\t\t\t\t\t\t\t\t\t\t<\/div>\n\t\t\t\t\t<\/div>\n\t\t\t\t\t<\/div>\n\t\t\t\t<\/div>\n\t\t\t\t\t<\/div>\n\t\t<\/div>\n\t\t\t\t\t<\/div>\n\t\t<\/section>\n\t\t\t\t\t<\/div>\n\t\t<\/div>\n\t\t\t\t\t<\/div>\n\t\t<\/section>\n\t\t\t\t<section class=\"elementor-section elementor-top-section elementor-element elementor-element-3900938 elementor-section-stretched elementor-section-boxed elementor-section-height-default elementor-section-height-default\" data-id=\"3900938\" data-element_type=\"section\" data-e-type=\"section\" data-settings=\"{&quot;stretch_section&quot;:&quot;section-stretched&quot;,&quot;background_background&quot;:&quot;classic&quot;}\">\n\t\t\t\t\t\t<div class=\"elementor-container elementor-column-gap-default\">\n\t\t\t\t\t<div class=\"aux-parallax-section elementor-column elementor-col-100 elementor-top-column elementor-element elementor-element-4602347\" data-id=\"4602347\" data-element_type=\"column\" data-e-type=\"column\">\n\t\t\t<div class=\"elementor-widget-wrap elementor-element-populated\">\n\t\t\t\t\t\t<div class=\"elementor-element elementor-element-3ec1de5 elementor-widget elementor-widget-spacer\" data-id=\"3ec1de5\" data-element_type=\"widget\" data-e-type=\"widget\" data-widget_type=\"spacer.default\">\n\t\t\t\t<div class=\"elementor-widget-container\">\n\t\t\t\t\t\t\t<div class=\"elementor-spacer\">\n\t\t\t<div class=\"elementor-spacer-inner\"><\/div>\n\t\t<\/div>\n\t\t\t\t\t\t<\/div>\n\t\t\t\t<\/div>\n\t\t\t\t\t<\/div>\n\t\t<\/div>\n\t\t\t\t\t<\/div>\n\t\t<\/section>\n\t\t\t\t<\/div>\n\t\t","protected":false},"excerpt":{"rendered":"<p>Area Tax Advisory Fernanda is a Tax Law specialist, with relevant experience in projects related to direct taxes, tax benefits arising from Technological Innovation, consultations, tax opinions, due diligence, tax planning, inspection monitoring, ancillary obligations, compliance, and tax reviews. She has been working for FIUS for five years and is the Coordinator of the Tax [&hellip;]<\/p>\n","protected":false},"author":2,"featured_media":0,"parent":9701,"menu_order":0,"comment_status":"closed","ping_status":"closed","template":"","meta":{"_acf_changed":false,"om_disable_all_campaigns":false,"_monsterinsights_skip_tracking":false,"_monsterinsights_sitenote_active":false,"_monsterinsights_sitenote_note":"","_monsterinsights_sitenote_category":0,"_uf_show_specific_survey":0,"_uf_disable_surveys":false,"footnotes":""},"coauthors":[60],"class_list":["post-21895","page","type-page","status-publish","hentry"],"acf":[],"yoast_head":"<!-- This site is optimized with the Yoast SEO plugin v27.4 - https:\/\/yoast.com\/product\/yoast-seo-wordpress\/ -->\n<title>FERNANDA DE ALMEIDA PRADO SAMPAIO - Finocchio &amp; Ustra Advogados - FIUS Advogados - Campinas \/ S\u00e3o Paulo<\/title>\n<meta name=\"robots\" content=\"index, follow, max-snippet:-1, max-image-preview:large, max-video-preview:-1\" \/>\n<link rel=\"canonical\" href=\"https:\/\/www.fius.com.br\/time\/fernanda-de-almeida-prado-sampaio-2\/\" \/>\n<meta property=\"og:locale\" content=\"en_US\" \/>\n<meta property=\"og:type\" content=\"article\" \/>\n<meta property=\"og:title\" content=\"FERNANDA DE ALMEIDA PRADO SAMPAIO - Finocchio &amp; Ustra Advogados - FIUS Advogados - Campinas \/ S\u00e3o Paulo\" \/>\n<meta property=\"og:description\" content=\"Area Tax Advisory Fernanda is a Tax Law specialist, with relevant experience in projects related to direct taxes, tax benefits arising from Technological Innovation, consultations, tax opinions, due diligence, tax planning, inspection monitoring, ancillary obligations, compliance, and tax reviews. She has been working for FIUS for five years and is the Coordinator of the Tax [&hellip;]\" \/>\n<meta property=\"og:url\" content=\"https:\/\/www.fius.com.br\/time\/fernanda-de-almeida-prado-sampaio-2\/\" \/>\n<meta property=\"og:site_name\" content=\"Finocchio &amp; Ustra Advogados - FIUS Advogados - Campinas \/ S\u00e3o Paulo\" \/>\n<meta property=\"article:modified_time\" content=\"2025-07-11T14:38:25+00:00\" \/>\n<meta property=\"og:image\" content=\"https:\/\/www.fius.com.br\/wp-content\/uploads\/2025\/03\/Fernanda-2.png\" \/>\n<meta name=\"twitter:card\" content=\"summary_large_image\" \/>\n<meta name=\"twitter:label1\" content=\"Est. reading time\" \/>\n\t<meta name=\"twitter:data1\" content=\"1 minute\" \/>\n\t<meta name=\"twitter:label2\" content=\"Written by\" \/>\n\t<meta name=\"twitter:data2\" content=\"Fernanda Sakashita\" \/>\n<script type=\"application\/ld+json\" class=\"yoast-schema-graph\">{\"@context\":\"https:\\\/\\\/schema.org\",\"@graph\":[{\"@type\":\"WebPage\",\"@id\":\"https:\\\/\\\/www.fius.com.br\\\/time\\\/fernanda-de-almeida-prado-sampaio-2\\\/\",\"url\":\"https:\\\/\\\/www.fius.com.br\\\/time\\\/fernanda-de-almeida-prado-sampaio-2\\\/\",\"name\":\"FERNANDA DE ALMEIDA PRADO SAMPAIO - Finocchio &amp; Ustra Advogados - FIUS Advogados - Campinas \\\/ S\u00e3o Paulo\",\"isPartOf\":{\"@id\":\"https:\\\/\\\/www.fius.com.br\\\/#website\"},\"primaryImageOfPage\":{\"@id\":\"https:\\\/\\\/www.fius.com.br\\\/time\\\/fernanda-de-almeida-prado-sampaio-2\\\/#primaryimage\"},\"image\":{\"@id\":\"https:\\\/\\\/www.fius.com.br\\\/time\\\/fernanda-de-almeida-prado-sampaio-2\\\/#primaryimage\"},\"thumbnailUrl\":\"https:\\\/\\\/www.fius.com.br\\\/wp-content\\\/uploads\\\/2025\\\/03\\\/Fernanda-2.png\",\"datePublished\":\"2025-03-19T17:23:55+00:00\",\"dateModified\":\"2025-07-11T14:38:25+00:00\",\"breadcrumb\":{\"@id\":\"https:\\\/\\\/www.fius.com.br\\\/time\\\/fernanda-de-almeida-prado-sampaio-2\\\/#breadcrumb\"},\"inLanguage\":\"en-US\",\"potentialAction\":[{\"@type\":\"ReadAction\",\"target\":[\"https:\\\/\\\/www.fius.com.br\\\/time\\\/fernanda-de-almeida-prado-sampaio-2\\\/\"]}]},{\"@type\":\"ImageObject\",\"inLanguage\":\"en-US\",\"@id\":\"https:\\\/\\\/www.fius.com.br\\\/time\\\/fernanda-de-almeida-prado-sampaio-2\\\/#primaryimage\",\"url\":\"https:\\\/\\\/www.fius.com.br\\\/wp-content\\\/uploads\\\/2025\\\/03\\\/Fernanda-2.png\",\"contentUrl\":\"https:\\\/\\\/www.fius.com.br\\\/wp-content\\\/uploads\\\/2025\\\/03\\\/Fernanda-2.png\"},{\"@type\":\"BreadcrumbList\",\"@id\":\"https:\\\/\\\/www.fius.com.br\\\/time\\\/fernanda-de-almeida-prado-sampaio-2\\\/#breadcrumb\",\"itemListElement\":[{\"@type\":\"ListItem\",\"position\":1,\"name\":\"Team\",\"item\":\"https:\\\/\\\/www.fius.com.br\\\/time\\\/\"},{\"@type\":\"ListItem\",\"position\":2,\"name\":\"FERNANDA DE ALMEIDA PRADO SAMPAIO\"}]},{\"@type\":\"WebSite\",\"@id\":\"https:\\\/\\\/www.fius.com.br\\\/#website\",\"url\":\"https:\\\/\\\/www.fius.com.br\\\/\",\"name\":\"Finocchio & Ustra Advogados - FIUS Advogados - Campinas \\\/ S\u00e3o Paulo\",\"description\":\"Finocchio &amp; Ustra Advogados. Oferecemos suporte jur\u00eddico na gest\u00e3o de riscos e nos processos de tomada de decis\u00e3o para melhorar o neg\u00f3cio dos nossos clientes.\",\"publisher\":{\"@id\":\"https:\\\/\\\/www.fius.com.br\\\/#organization\"},\"potentialAction\":[{\"@type\":\"SearchAction\",\"target\":{\"@type\":\"EntryPoint\",\"urlTemplate\":\"https:\\\/\\\/www.fius.com.br\\\/?s={search_term_string}\"},\"query-input\":{\"@type\":\"PropertyValueSpecification\",\"valueRequired\":true,\"valueName\":\"search_term_string\"}}],\"inLanguage\":\"en-US\"},{\"@type\":\"Organization\",\"@id\":\"https:\\\/\\\/www.fius.com.br\\\/#organization\",\"name\":\"Finocchio & Ustra Advogados - FIUS Advogados - Campinas \\\/ S\u00e3o Paulo\",\"url\":\"https:\\\/\\\/www.fius.com.br\\\/\",\"logo\":{\"@type\":\"ImageObject\",\"inLanguage\":\"en-US\",\"@id\":\"https:\\\/\\\/www.fius.com.br\\\/#\\\/schema\\\/logo\\\/image\\\/\",\"url\":\"https:\\\/\\\/www.fius.com.br\\\/wp-content\\\/uploads\\\/2024\\\/02\\\/Logo-300x300-1.png\",\"contentUrl\":\"https:\\\/\\\/www.fius.com.br\\\/wp-content\\\/uploads\\\/2024\\\/02\\\/Logo-300x300-1.png\",\"width\":300,\"height\":300,\"caption\":\"Finocchio & Ustra Advogados - FIUS Advogados - Campinas \\\/ S\u00e3o Paulo\"},\"image\":{\"@id\":\"https:\\\/\\\/www.fius.com.br\\\/#\\\/schema\\\/logo\\\/image\\\/\"}}]}<\/script>\n<!-- \/ Yoast SEO plugin. -->","yoast_head_json":{"title":"FERNANDA DE ALMEIDA PRADO SAMPAIO - Finocchio &amp; Ustra Advogados - FIUS Advogados - Campinas \/ S\u00e3o Paulo","robots":{"index":"index","follow":"follow","max-snippet":"max-snippet:-1","max-image-preview":"max-image-preview:large","max-video-preview":"max-video-preview:-1"},"canonical":"https:\/\/www.fius.com.br\/time\/fernanda-de-almeida-prado-sampaio-2\/","og_locale":"en_US","og_type":"article","og_title":"FERNANDA DE ALMEIDA PRADO SAMPAIO - Finocchio &amp; Ustra Advogados - FIUS Advogados - Campinas \/ S\u00e3o Paulo","og_description":"Area Tax Advisory Fernanda is a Tax Law specialist, with relevant experience in projects related to direct taxes, tax benefits arising from Technological Innovation, consultations, tax opinions, due diligence, tax planning, inspection monitoring, ancillary obligations, compliance, and tax reviews. She has been working for FIUS for five years and is the Coordinator of the Tax [&hellip;]","og_url":"https:\/\/www.fius.com.br\/time\/fernanda-de-almeida-prado-sampaio-2\/","og_site_name":"Finocchio &amp; Ustra Advogados - FIUS Advogados - Campinas \/ S\u00e3o Paulo","article_modified_time":"2025-07-11T14:38:25+00:00","og_image":[{"url":"https:\/\/www.fius.com.br\/wp-content\/uploads\/2025\/03\/Fernanda-2.png","type":"","width":"","height":""}],"twitter_card":"summary_large_image","twitter_misc":{"Est. reading time":"1 minute","Written by":"Fernanda Sakashita"},"schema":{"@context":"https:\/\/schema.org","@graph":[{"@type":"WebPage","@id":"https:\/\/www.fius.com.br\/time\/fernanda-de-almeida-prado-sampaio-2\/","url":"https:\/\/www.fius.com.br\/time\/fernanda-de-almeida-prado-sampaio-2\/","name":"FERNANDA DE ALMEIDA PRADO SAMPAIO - Finocchio &amp; Ustra Advogados - FIUS Advogados - Campinas \/ S\u00e3o Paulo","isPartOf":{"@id":"https:\/\/www.fius.com.br\/#website"},"primaryImageOfPage":{"@id":"https:\/\/www.fius.com.br\/time\/fernanda-de-almeida-prado-sampaio-2\/#primaryimage"},"image":{"@id":"https:\/\/www.fius.com.br\/time\/fernanda-de-almeida-prado-sampaio-2\/#primaryimage"},"thumbnailUrl":"https:\/\/www.fius.com.br\/wp-content\/uploads\/2025\/03\/Fernanda-2.png","datePublished":"2025-03-19T17:23:55+00:00","dateModified":"2025-07-11T14:38:25+00:00","breadcrumb":{"@id":"https:\/\/www.fius.com.br\/time\/fernanda-de-almeida-prado-sampaio-2\/#breadcrumb"},"inLanguage":"en-US","potentialAction":[{"@type":"ReadAction","target":["https:\/\/www.fius.com.br\/time\/fernanda-de-almeida-prado-sampaio-2\/"]}]},{"@type":"ImageObject","inLanguage":"en-US","@id":"https:\/\/www.fius.com.br\/time\/fernanda-de-almeida-prado-sampaio-2\/#primaryimage","url":"https:\/\/www.fius.com.br\/wp-content\/uploads\/2025\/03\/Fernanda-2.png","contentUrl":"https:\/\/www.fius.com.br\/wp-content\/uploads\/2025\/03\/Fernanda-2.png"},{"@type":"BreadcrumbList","@id":"https:\/\/www.fius.com.br\/time\/fernanda-de-almeida-prado-sampaio-2\/#breadcrumb","itemListElement":[{"@type":"ListItem","position":1,"name":"Team","item":"https:\/\/www.fius.com.br\/time\/"},{"@type":"ListItem","position":2,"name":"FERNANDA DE ALMEIDA PRADO SAMPAIO"}]},{"@type":"WebSite","@id":"https:\/\/www.fius.com.br\/#website","url":"https:\/\/www.fius.com.br\/","name":"Finocchio & Ustra Advogados - FIUS Advogados - Campinas \/ S\u00e3o Paulo","description":"Finocchio &amp; Ustra Advogados. Oferecemos suporte jur\u00eddico na gest\u00e3o de riscos e nos processos de tomada de decis\u00e3o para melhorar o neg\u00f3cio dos nossos clientes.","publisher":{"@id":"https:\/\/www.fius.com.br\/#organization"},"potentialAction":[{"@type":"SearchAction","target":{"@type":"EntryPoint","urlTemplate":"https:\/\/www.fius.com.br\/?s={search_term_string}"},"query-input":{"@type":"PropertyValueSpecification","valueRequired":true,"valueName":"search_term_string"}}],"inLanguage":"en-US"},{"@type":"Organization","@id":"https:\/\/www.fius.com.br\/#organization","name":"Finocchio & Ustra Advogados - FIUS Advogados - Campinas \/ S\u00e3o Paulo","url":"https:\/\/www.fius.com.br\/","logo":{"@type":"ImageObject","inLanguage":"en-US","@id":"https:\/\/www.fius.com.br\/#\/schema\/logo\/image\/","url":"https:\/\/www.fius.com.br\/wp-content\/uploads\/2024\/02\/Logo-300x300-1.png","contentUrl":"https:\/\/www.fius.com.br\/wp-content\/uploads\/2024\/02\/Logo-300x300-1.png","width":300,"height":300,"caption":"Finocchio & Ustra Advogados - FIUS Advogados - Campinas \/ S\u00e3o Paulo"},"image":{"@id":"https:\/\/www.fius.com.br\/#\/schema\/logo\/image\/"}}]}},"_links":{"self":[{"href":"https:\/\/www.fius.com.br\/en\/wp-json\/wp\/v2\/pages\/21895","targetHints":{"allow":["GET"]}}],"collection":[{"href":"https:\/\/www.fius.com.br\/en\/wp-json\/wp\/v2\/pages"}],"about":[{"href":"https:\/\/www.fius.com.br\/en\/wp-json\/wp\/v2\/types\/page"}],"author":[{"embeddable":true,"href":"https:\/\/www.fius.com.br\/en\/wp-json\/wp\/v2\/users\/2"}],"replies":[{"embeddable":true,"href":"https:\/\/www.fius.com.br\/en\/wp-json\/wp\/v2\/comments?post=21895"}],"version-history":[{"count":13,"href":"https:\/\/www.fius.com.br\/en\/wp-json\/wp\/v2\/pages\/21895\/revisions"}],"predecessor-version":[{"id":23819,"href":"https:\/\/www.fius.com.br\/en\/wp-json\/wp\/v2\/pages\/21895\/revisions\/23819"}],"up":[{"embeddable":true,"href":"https:\/\/www.fius.com.br\/en\/wp-json\/wp\/v2\/pages\/9701"}],"wp:attachment":[{"href":"https:\/\/www.fius.com.br\/en\/wp-json\/wp\/v2\/media?parent=21895"}],"wp:term":[{"taxonomy":"author","embeddable":true,"href":"https:\/\/www.fius.com.br\/en\/wp-json\/wp\/v2\/coauthors?post=21895"}],"curies":[{"name":"wp","href":"https:\/\/api.w.org\/{rel}","templated":true}]}}