{"id":11377,"date":"2023-01-23T13:12:01","date_gmt":"2023-01-23T16:12:01","guid":{"rendered":"https:\/\/2024.fius.com.br\/?page_id=11377"},"modified":"2024-01-17T21:46:35","modified_gmt":"2024-01-18T00:46:35","slug":"e-books","status":"publish","type":"page","link":"https:\/\/www.fius.com.br\/en\/e-books\/","title":{"rendered":"E-books"},"content":{"rendered":"\t\t<div data-elementor-type=\"wp-page\" data-elementor-id=\"11377\" class=\"elementor elementor-11377\" data-elementor-post-type=\"page\">\n\t\t\t\t\t\t<section class=\"elementor-section elementor-top-section elementor-element elementor-element-b77d99a elementor-section-stretched elementor-section-boxed elementor-section-height-default elementor-section-height-default\" data-id=\"b77d99a\" data-element_type=\"section\" data-e-type=\"section\" data-settings=\"{&quot;stretch_section&quot;:&quot;section-stretched&quot;,&quot;background_background&quot;:&quot;classic&quot;}\">\n\t\t\t\t\t\t<div class=\"elementor-container elementor-column-gap-default\">\n\t\t\t\t\t<div class=\"aux-parallax-section elementor-column elementor-col-100 elementor-top-column elementor-element elementor-element-0e93c5d\" data-id=\"0e93c5d\" data-element_type=\"column\" data-e-type=\"column\">\n\t\t\t<div class=\"elementor-widget-wrap elementor-element-populated\">\n\t\t\t\t\t\t<div class=\"elementor-element elementor-element-53c8081 elementor-widget elementor-widget-heading\" data-id=\"53c8081\" data-element_type=\"widget\" data-e-type=\"widget\" data-widget_type=\"heading.default\">\n\t\t\t\t<div class=\"elementor-widget-container\">\n\t\t\t\t\t<div class=\"elementor-heading-title elementor-size-default\">Check out our e-books. <\/div>\t\t\t\t<\/div>\n\t\t\t\t<\/div>\n\t\t\t\t\t<\/div>\n\t\t<\/div>\n\t\t\t\t\t<\/div>\n\t\t<\/section>\n\t\t\t\t<section class=\"elementor-section elementor-top-section elementor-element elementor-element-e41a64c elementor-section-boxed elementor-section-height-default elementor-section-height-default\" data-id=\"e41a64c\" data-element_type=\"section\" data-e-type=\"section\">\n\t\t\t\t\t\t<div class=\"elementor-container elementor-column-gap-default\">\n\t\t\t\t\t<div class=\"aux-parallax-section elementor-column elementor-col-100 elementor-top-column elementor-element elementor-element-f505c70\" data-id=\"f505c70\" data-element_type=\"column\" data-e-type=\"column\">\n\t\t\t<div class=\"elementor-widget-wrap elementor-element-populated\">\n\t\t\t\t\t\t<div class=\"elementor-element elementor-element-1740de8 elementor-widget elementor-widget-spacer\" data-id=\"1740de8\" data-element_type=\"widget\" data-e-type=\"widget\" data-widget_type=\"spacer.default\">\n\t\t\t\t<div class=\"elementor-widget-container\">\n\t\t\t\t\t\t\t<div class=\"elementor-spacer\">\n\t\t\t<div class=\"elementor-spacer-inner\"><\/div>\n\t\t<\/div>\n\t\t\t\t\t\t<\/div>\n\t\t\t\t<\/div>\n\t\t\t\t\t<\/div>\n\t\t<\/div>\n\t\t\t\t\t<\/div>\n\t\t<\/section>\n\t\t\t\t<section class=\"elementor-section elementor-top-section elementor-element elementor-element-396d97c elementor-section-boxed elementor-section-height-default elementor-section-height-default\" data-id=\"396d97c\" data-element_type=\"section\" data-e-type=\"section\">\n\t\t\t\t\t\t<div class=\"elementor-container elementor-column-gap-default\">\n\t\t\t\t\t<div class=\"aux-parallax-section elementor-column elementor-col-100 elementor-top-column elementor-element elementor-element-2a8abad\" data-id=\"2a8abad\" data-element_type=\"column\" data-e-type=\"column\">\n\t\t\t<div class=\"elementor-widget-wrap elementor-element-populated\">\n\t\t\t\t\t\t<div class=\"elementor-element elementor-element-01a4d3a elementor-widget elementor-widget-heading\" data-id=\"01a4d3a\" data-element_type=\"widget\" data-e-type=\"widget\" data-widget_type=\"heading.default\">\n\t\t\t\t<div class=\"elementor-widget-container\">\n\t\t\t\t\t<h1 class=\"elementor-heading-title elementor-size-default\">E-books<\/h1>\t\t\t\t<\/div>\n\t\t\t\t<\/div>\n\t\t\t\t\t<\/div>\n\t\t<\/div>\n\t\t\t\t\t<\/div>\n\t\t<\/section>\n\t\t\t\t<section class=\"elementor-section elementor-top-section elementor-element elementor-element-beb0b31 elementor-section-content-top elementor-section-boxed elementor-section-height-default elementor-section-height-default\" data-id=\"beb0b31\" data-element_type=\"section\" data-e-type=\"section\">\n\t\t\t\t\t\t<div class=\"elementor-container elementor-column-gap-no\">\n\t\t\t\t\t<div class=\"aux-parallax-section elementor-column elementor-col-100 elementor-top-column elementor-element elementor-element-1df4120e\" data-id=\"1df4120e\" data-element_type=\"column\" data-e-type=\"column\">\n\t\t\t<div class=\"elementor-widget-wrap elementor-element-populated\">\n\t\t\t\t\t\t<div class=\"elementor-element elementor-element-42e81e3 load-more-align-left elementor-grid-3 elementor-grid-tablet-2 elementor-grid-mobile-1 elementor-posts--thumbnail-top elementor-widget elementor-widget-posts\" data-id=\"42e81e3\" data-element_type=\"widget\" data-e-type=\"widget\" data-settings=\"{&quot;pagination_type&quot;:&quot;load_more_on_click&quot;,&quot;classic_row_gap&quot;:{&quot;unit&quot;:&quot;px&quot;,&quot;size&quot;:50,&quot;sizes&quot;:[]},&quot;classic_masonry&quot;:&quot;yes&quot;,&quot;classic_columns&quot;:&quot;3&quot;,&quot;classic_columns_tablet&quot;:&quot;2&quot;,&quot;classic_columns_mobile&quot;:&quot;1&quot;,&quot;classic_row_gap_laptop&quot;:{&quot;unit&quot;:&quot;px&quot;,&quot;size&quot;:&quot;&quot;,&quot;sizes&quot;:[]},&quot;classic_row_gap_tablet&quot;:{&quot;unit&quot;:&quot;px&quot;,&quot;size&quot;:&quot;&quot;,&quot;sizes&quot;:[]},&quot;classic_row_gap_mobile&quot;:{&quot;unit&quot;:&quot;px&quot;,&quot;size&quot;:&quot;&quot;,&quot;sizes&quot;:[]},&quot;load_more_spinner&quot;:{&quot;value&quot;:&quot;fas fa-spinner&quot;,&quot;library&quot;:&quot;fa-solid&quot;}}\" data-widget_type=\"posts.classic\">\n\t\t\t\t<div class=\"elementor-widget-container\">\n\t\t\t\t\t\t\t<div class=\"elementor-posts-container elementor-posts elementor-posts--skin-classic elementor-grid\" role=\"list\">\n\t\t\t\t<article class=\"elementor-post elementor-grid-item post-25699 artigos-especiais type-artigos-especiais status-publish has-post-thumbnail hentry category-tax-advisory category-tax-litigation tipos-ebook\" role=\"listitem\">\n\t\t\t\t<a class=\"elementor-post__thumbnail__link\" href=\"https:\/\/www.fius.com.br\/en\/artigos-especiais\/ebook-tax-guide-2026\/\" tabindex=\"-1\" >\n\t\t\t<div class=\"elementor-post__thumbnail\"><img fetchpriority=\"high\" decoding=\"async\" width=\"600\" height=\"591\" src=\"https:\/\/www.fius.com.br\/wp-content\/uploads\/2026\/02\/Imagem-site-3.png\" class=\"attachment-full size-full wp-image-25704\" alt=\"\" \/><\/div>\n\t\t<\/a>\n\t\t\t\t<div class=\"elementor-post__text\">\n\t\t\t\t<div class=\"elementor-post__excerpt\">\n\t\t\t<p><b>Tax Guide 2026<\/b><\/p>\n<p>This guide compiles the main updates and legislative debates that directly impact taxation in Brazil, focusing on the changes planned for this year.<\/p>\n<p>The material addresses, in an objective and organized manner, topics such as the reform of Income Tax, the minimum income tax, the taxation of dividends, and other relevant points under discussion in the National Congress, in addition to analyses of the possible practical effects of these measures for individuals and legal entities.<\/p>\n<p>The e-book was developed as a support material for professionals who follow the tax agenda and seek to understand, more clearly, the regulatory scenarios under construction and their impact on planning and decision-making.<\/p>\n<p>Access the e-book and learn more.<\/p>\n\t\t<\/div>\n\t\t\n\t\t<a class=\"elementor-post__read-more\" href=\"https:\/\/www.fius.com.br\/en\/artigos-especiais\/ebook-tax-guide-2026\/\" aria-label=\"Read more about Ebook | Tax Guide 2026\" tabindex=\"-1\" >\n\t\t\tRead more\t\t<\/a>\n\n\t\t\t\t<\/div>\n\t\t\t\t<\/article>\n\t\t\t\t<article class=\"elementor-post elementor-grid-item post-24802 artigos-especiais type-artigos-especiais status-publish has-post-thumbnail hentry category-tax-advisory tipos-ebook\" role=\"listitem\">\n\t\t\t\t<a class=\"elementor-post__thumbnail__link\" href=\"https:\/\/www.fius.com.br\/en\/artigos-especiais\/ebook-income-tax-reform-dividend-taxation-and-risks-on-retained-earnings\/\" tabindex=\"-1\" >\n\t\t\t<div class=\"elementor-post__thumbnail\"><img decoding=\"async\" width=\"600\" height=\"591\" src=\"https:\/\/www.fius.com.br\/wp-content\/uploads\/2025\/11\/Imagem-site-EN.png\" class=\"attachment-full size-full wp-image-24803\" alt=\"\" \/><\/div>\n\t\t<\/a>\n\t\t\t\t<div class=\"elementor-post__text\">\n\t\t\t\t<div class=\"elementor-post__excerpt\">\n\t\t\t<p><b>Income Tax Reform: Dividend Taxation and Risks on Retained Earnings<\/b><\/p>\n<p>The Federal Senate approved the main text of Bill No. 1,087\/2025, which reforms income taxation in Brazil and represents one of the federal government\u2019s main economic priorities. The bill now moves to Presidential approval, with expectations of swift promulgation and effectiveness starting January 1, 2026, if enacted into law before the end of this year.<\/p>\n<p>The approved text significantly amends the Individual Income Tax (IRPF) rules and introduces a minimum income taxation regime, in addition to establishing a 10% withholding income tax (WHT) on dividends paid by Brazilian companies to individuals and non-resident shareholders.<\/p>\n<p>Access the e-book and learn more.<\/p>\n\t\t<\/div>\n\t\t\n\t\t<a class=\"elementor-post__read-more\" href=\"https:\/\/www.fius.com.br\/en\/artigos-especiais\/ebook-income-tax-reform-dividend-taxation-and-risks-on-retained-earnings\/\" aria-label=\"Read more about Ebook | Income Tax Reform: Dividend Taxation and Risks on Retained Earnings\" tabindex=\"-1\" >\n\t\t\tRead more\t\t<\/a>\n\n\t\t\t\t<\/div>\n\t\t\t\t<\/article>\n\t\t\t\t<article class=\"elementor-post elementor-grid-item post-24551 artigos-especiais type-artigos-especiais status-publish has-post-thumbnail hentry category-uncategorized tipos-ebook\" role=\"listitem\">\n\t\t\t\t<a class=\"elementor-post__thumbnail__link\" href=\"https:\/\/www.fius.com.br\/en\/artigos-especiais\/e-book-management-of-pfas-contaminated-sites-in-brazil\/\" tabindex=\"-1\" >\n\t\t\t<div class=\"elementor-post__thumbnail\"><img decoding=\"async\" width=\"600\" height=\"591\" src=\"https:\/\/www.fius.com.br\/wp-content\/uploads\/2025\/10\/Imagem-site-EN-1.png\" class=\"attachment-full size-full wp-image-24552\" alt=\"\" \/><\/div>\n\t\t<\/a>\n\t\t\t\t<div class=\"elementor-post__text\">\n\t\t\t\t<div class=\"elementor-post__excerpt\">\n\t\t\t<p><b>E-book | Management of PFAS-Contaminated Sites in Brazil<\/b><\/p>\n<p>The group of per- and polyfluoroalkyl substances (PFAS) has emerged as one of the greatest contemporary challenges in the management of contaminated sites. Extremely persistent, bioaccumulative, and difficult to remediate, PFAS have drawn increasing regulatory attention worldwide.<\/p>\n<p>Access the e-book and learn more.<\/p>\n\t\t<\/div>\n\t\t\n\t\t<a class=\"elementor-post__read-more\" href=\"https:\/\/www.fius.com.br\/en\/artigos-especiais\/e-book-management-of-pfas-contaminated-sites-in-brazil\/\" aria-label=\"Read more about E-book | Management of PFAS-Contaminated Sites in Brazil\" tabindex=\"-1\" >\n\t\t\tRead more\t\t<\/a>\n\n\t\t\t\t<\/div>\n\t\t\t\t<\/article>\n\t\t\t\t<article class=\"elementor-post elementor-grid-item post-24492 artigos-especiais type-artigos-especiais status-publish has-post-thumbnail hentry category-ambiental-e-sustentabilidade tipos-ebook\" role=\"listitem\">\n\t\t\t\t<a class=\"elementor-post__thumbnail__link\" href=\"https:\/\/www.fius.com.br\/en\/artigos-especiais\/e-book-gestao-de-areas-contaminadas-por-pfas-no-brasil\/\" tabindex=\"-1\" >\n\t\t\t<div class=\"elementor-post__thumbnail\"><img loading=\"lazy\" decoding=\"async\" width=\"600\" height=\"591\" src=\"https:\/\/www.fius.com.br\/wp-content\/uploads\/2025\/10\/Imagem-site-2.png\" class=\"attachment-full size-full wp-image-24546\" alt=\"\" \/><\/div>\n\t\t<\/a>\n\t\t\t\t<div class=\"elementor-post__text\">\n\t\t\t\t<div class=\"elementor-post__excerpt\">\n\t\t\t<p><b>E-book | Gest\u00e3o de \u00c1reas Contaminadas por PFAS no Brasil<\/b><\/p>\n<p>O grupo das subst\u00e2ncias per- e polifluoroalquil (PFAS) desponta como um dos maiores desafios contempor\u00e2neos de gest\u00e3o de \u00e1reas contaminadas. Extremamente persistentes, bioacumul\u00e1veis e de dif\u00edcil remedia\u00e7\u00e3o, os PFAS v\u00eam gerando crescente aten\u00e7\u00e3o regulat\u00f3ria no mundo.<\/p>\n<p>Acesse o e-book e saiba mais.<\/p>\n\t\t<\/div>\n\t\t\n\t\t<a class=\"elementor-post__read-more\" href=\"https:\/\/www.fius.com.br\/en\/artigos-especiais\/e-book-gestao-de-areas-contaminadas-por-pfas-no-brasil\/\" aria-label=\"Read more about E-book | Gest\u00e3o de \u00c1reas Contaminadas por PFAS no Brasil\" tabindex=\"-1\" >\n\t\t\tRead more\t\t<\/a>\n\n\t\t\t\t<\/div>\n\t\t\t\t<\/article>\n\t\t\t\t<article class=\"elementor-post elementor-grid-item post-17766 artigos-especiais type-artigos-especiais status-publish has-post-thumbnail hentry category-highlights tipos-ebook\" role=\"listitem\">\n\t\t\t\t<a class=\"elementor-post__thumbnail__link\" href=\"https:\/\/www.fius.com.br\/en\/artigos-especiais\/fiustrends\/\" tabindex=\"-1\" >\n\t\t\t<div class=\"elementor-post__thumbnail\"><img loading=\"lazy\" decoding=\"async\" width=\"600\" height=\"591\" src=\"https:\/\/www.fius.com.br\/wp-content\/uploads\/2024\/03\/Imagem-site.png\" class=\"attachment-full size-full wp-image-17761\" alt=\"\" \/><\/div>\n\t\t<\/a>\n\t\t\t\t<div class=\"elementor-post__text\">\n\t\t\t\t<div class=\"elementor-post__excerpt\">\n\t\t\t<p><b>FIUS TRENDS 2024<\/b><\/p>\n<p>Just like 2023, 2024 promises to be quite challenging. Besides internal issues in Brazil, which consist, particularly, of fiscal agenda and institutional instability, the world is likely to continue with its spiral of crisis and conflicts, reflected in an intricate diplomatic and economic environment that, evidently, has consequences for our country.<\/p>\n<p>This guide offers a complete overview of the trends and challenges of 2024, helping companies to successfully navigate this complex scenario and take advantage of the opportunities that will present themselves.<\/p>\n\t\t<\/div>\n\t\t\n\t\t<a class=\"elementor-post__read-more\" href=\"https:\/\/www.fius.com.br\/en\/artigos-especiais\/fiustrends\/\" aria-label=\"Read more about FIUS TRENDS 2024\" tabindex=\"-1\" >\n\t\t\tRead more\t\t<\/a>\n\n\t\t\t\t<\/div>\n\t\t\t\t<\/article>\n\t\t\t\t<article class=\"elementor-post elementor-grid-item post-16009 artigos-especiais type-artigos-especiais status-publish has-post-thumbnail hentry category-uncategorized\" role=\"listitem\">\n\t\t\t\t<a class=\"elementor-post__thumbnail__link\" href=\"https:\/\/www.fius.com.br\/en\/artigos-especiais\/e-book-brazilian-new-transfer-pricing-rules\/\" tabindex=\"-1\" >\n\t\t\t<div class=\"elementor-post__thumbnail\"><img loading=\"lazy\" decoding=\"async\" width=\"600\" height=\"528\" src=\"https:\/\/www.fius.com.br\/wp-content\/uploads\/2024\/01\/E-mail-9.png\" class=\"attachment-full size-full wp-image-16006\" alt=\"\" \/><\/div>\n\t\t<\/a>\n\t\t\t\t<div class=\"elementor-post__text\">\n\t\t\t\t<div class=\"elementor-post__excerpt\">\n\t\t\t<p><b>BRAZILIAN NEW TRANSFER PRICING RULES<\/b><br \/>\n<br \/>\nOn May 10, 2023, the Federal Senate approved Provisional Measure n\u00b0 1,152\/2022, which changes the transfer pricing legislation in Brazil and introduces the OECD model.<\/p>\n\t\t<\/div>\n\t\t\n\t\t<a class=\"elementor-post__read-more\" href=\"https:\/\/www.fius.com.br\/en\/artigos-especiais\/e-book-brazilian-new-transfer-pricing-rules\/\" aria-label=\"Read more about E-BOOK | BRAZILIAN NEW TRANSFER PRICING RULES\" tabindex=\"-1\" >\n\t\t\tRead more\t\t<\/a>\n\n\t\t\t\t<\/div>\n\t\t\t\t<\/article>\n\t\t\t\t<\/div>\n\t\t\t\t\t<span class=\"e-load-more-spinner\">\n\t\t\t\t<i aria-hidden=\"true\" class=\"fas fa-spinner\"><\/i>\t\t\t<\/span>\n\t\t\n\t\t\t\t\t\t<\/div>\n\t\t\t\t<\/div>\n\t\t\t\t\t<\/div>\n\t\t<\/div>\n\t\t\t\t\t<\/div>\n\t\t<\/section>\n\t\t\t\t<\/div>\n\t\t","protected":false},"excerpt":{"rendered":"<p>Check out our e-books. E-books<\/p>\n","protected":false},"author":1,"featured_media":0,"parent":0,"menu_order":0,"comment_status":"closed","ping_status":"closed","template":"","meta":{"_acf_changed":false,"om_disable_all_campaigns":false,"_monsterinsights_skip_tracking":false,"_monsterinsights_sitenote_active":false,"_monsterinsights_sitenote_note":"","_monsterinsights_sitenote_category":0,"_uf_show_specific_survey":0,"_uf_disable_surveys":false,"footnotes":""},"coauthors":[],"class_list":["post-11377","page","type-page","status-publish","hentry"],"acf":[],"yoast_head":"<!-- This site is optimized with the Yoast SEO plugin v27.5 - https:\/\/yoast.com\/product\/yoast-seo-wordpress\/ -->\n<title>E-books - Finocchio &amp; Ustra Advogados - FIUS Advogados - Campinas \/ S\u00e3o Paulo<\/title>\n<meta name=\"robots\" content=\"index, follow, max-snippet:-1, max-image-preview:large, max-video-preview:-1\" \/>\n<link rel=\"canonical\" href=\"https:\/\/www.fius.com.br\/e-books\/\" \/>\n<meta property=\"og:locale\" content=\"en_US\" \/>\n<meta property=\"og:type\" content=\"article\" \/>\n<meta property=\"og:title\" content=\"E-books - Finocchio &amp; Ustra Advogados - FIUS Advogados - Campinas \/ S\u00e3o Paulo\" \/>\n<meta property=\"og:description\" content=\"Check out our e-books. E-books\" \/>\n<meta property=\"og:url\" content=\"https:\/\/www.fius.com.br\/e-books\/\" \/>\n<meta property=\"og:site_name\" content=\"Finocchio &amp; Ustra Advogados - FIUS Advogados - Campinas \/ S\u00e3o Paulo\" \/>\n<meta property=\"article:modified_time\" content=\"2024-01-18T00:46:35+00:00\" \/>\n<meta name=\"twitter:card\" content=\"summary_large_image\" \/>\n<meta name=\"twitter:label1\" content=\"Est. reading time\" \/>\n\t<meta name=\"twitter:data1\" content=\"5 minutes\" \/>\n\t<meta name=\"twitter:label2\" content=\"Written by\" \/>\n\t<meta name=\"twitter:data2\" content=\"Bruno Marques Santo, Pedro Henrique Buffolo Junior, Fernanda de Almeida Prado Sampaio, Alice Vieira Conde Oliveira\" \/>\n<script type=\"application\/ld+json\" class=\"yoast-schema-graph\">{\"@context\":\"https:\\\/\\\/schema.org\",\"@graph\":[{\"@type\":\"WebPage\",\"@id\":\"https:\\\/\\\/www.fius.com.br\\\/e-books\\\/\",\"url\":\"https:\\\/\\\/www.fius.com.br\\\/e-books\\\/\",\"name\":\"E-books - Finocchio &amp; Ustra Advogados - FIUS Advogados - Campinas \\\/ S\u00e3o Paulo\",\"isPartOf\":{\"@id\":\"https:\\\/\\\/www.fius.com.br\\\/#website\"},\"datePublished\":\"2023-01-23T16:12:01+00:00\",\"dateModified\":\"2024-01-18T00:46:35+00:00\",\"inLanguage\":\"en-US\",\"potentialAction\":[{\"@type\":\"ReadAction\",\"target\":[\"https:\\\/\\\/www.fius.com.br\\\/e-books\\\/\"]}]},{\"@type\":\"WebSite\",\"@id\":\"https:\\\/\\\/www.fius.com.br\\\/#website\",\"url\":\"https:\\\/\\\/www.fius.com.br\\\/\",\"name\":\"Finocchio & Ustra Advogados - FIUS Advogados - Campinas \\\/ S\u00e3o Paulo\",\"description\":\"Finocchio &amp; Ustra Advogados. Oferecemos suporte jur\u00eddico na gest\u00e3o de riscos e nos processos de tomada de decis\u00e3o para melhorar o neg\u00f3cio dos nossos clientes.\",\"publisher\":{\"@id\":\"https:\\\/\\\/www.fius.com.br\\\/#organization\"},\"potentialAction\":[{\"@type\":\"SearchAction\",\"target\":{\"@type\":\"EntryPoint\",\"urlTemplate\":\"https:\\\/\\\/www.fius.com.br\\\/?s={search_term_string}\"},\"query-input\":{\"@type\":\"PropertyValueSpecification\",\"valueRequired\":true,\"valueName\":\"search_term_string\"}}],\"inLanguage\":\"en-US\"},{\"@type\":\"Organization\",\"@id\":\"https:\\\/\\\/www.fius.com.br\\\/#organization\",\"name\":\"Finocchio & Ustra Advogados - FIUS Advogados - Campinas \\\/ S\u00e3o Paulo\",\"url\":\"https:\\\/\\\/www.fius.com.br\\\/\",\"logo\":{\"@type\":\"ImageObject\",\"inLanguage\":\"en-US\",\"@id\":\"https:\\\/\\\/www.fius.com.br\\\/#\\\/schema\\\/logo\\\/image\\\/\",\"url\":\"https:\\\/\\\/www.fius.com.br\\\/wp-content\\\/uploads\\\/2024\\\/02\\\/Logo-300x300-1.png\",\"contentUrl\":\"https:\\\/\\\/www.fius.com.br\\\/wp-content\\\/uploads\\\/2024\\\/02\\\/Logo-300x300-1.png\",\"width\":300,\"height\":300,\"caption\":\"Finocchio & Ustra Advogados - FIUS Advogados - Campinas \\\/ S\u00e3o Paulo\"},\"image\":{\"@id\":\"https:\\\/\\\/www.fius.com.br\\\/#\\\/schema\\\/logo\\\/image\\\/\"}}]}<\/script>\n<!-- \/ Yoast SEO plugin. -->","yoast_head_json":{"title":"E-books - Finocchio &amp; Ustra Advogados - FIUS Advogados - Campinas \/ S\u00e3o Paulo","robots":{"index":"index","follow":"follow","max-snippet":"max-snippet:-1","max-image-preview":"max-image-preview:large","max-video-preview":"max-video-preview:-1"},"canonical":"https:\/\/www.fius.com.br\/e-books\/","og_locale":"en_US","og_type":"article","og_title":"E-books - Finocchio &amp; Ustra Advogados - FIUS Advogados - Campinas \/ S\u00e3o Paulo","og_description":"Check out our e-books. E-books","og_url":"https:\/\/www.fius.com.br\/e-books\/","og_site_name":"Finocchio &amp; Ustra Advogados - FIUS Advogados - Campinas \/ S\u00e3o Paulo","article_modified_time":"2024-01-18T00:46:35+00:00","twitter_card":"summary_large_image","twitter_misc":{"Est. reading time":"5 minutes","Written by":"Bruno Marques Santo, Pedro Henrique Buffolo Junior, Fernanda de Almeida Prado Sampaio, Alice Vieira Conde Oliveira"},"schema":{"@context":"https:\/\/schema.org","@graph":[{"@type":"WebPage","@id":"https:\/\/www.fius.com.br\/e-books\/","url":"https:\/\/www.fius.com.br\/e-books\/","name":"E-books - Finocchio &amp; Ustra Advogados - FIUS Advogados - Campinas \/ S\u00e3o Paulo","isPartOf":{"@id":"https:\/\/www.fius.com.br\/#website"},"datePublished":"2023-01-23T16:12:01+00:00","dateModified":"2024-01-18T00:46:35+00:00","inLanguage":"en-US","potentialAction":[{"@type":"ReadAction","target":["https:\/\/www.fius.com.br\/e-books\/"]}]},{"@type":"WebSite","@id":"https:\/\/www.fius.com.br\/#website","url":"https:\/\/www.fius.com.br\/","name":"Finocchio & Ustra Advogados - FIUS Advogados - Campinas \/ S\u00e3o Paulo","description":"Finocchio &amp; Ustra Advogados. Oferecemos suporte jur\u00eddico na gest\u00e3o de riscos e nos processos de tomada de decis\u00e3o para melhorar o neg\u00f3cio dos nossos clientes.","publisher":{"@id":"https:\/\/www.fius.com.br\/#organization"},"potentialAction":[{"@type":"SearchAction","target":{"@type":"EntryPoint","urlTemplate":"https:\/\/www.fius.com.br\/?s={search_term_string}"},"query-input":{"@type":"PropertyValueSpecification","valueRequired":true,"valueName":"search_term_string"}}],"inLanguage":"en-US"},{"@type":"Organization","@id":"https:\/\/www.fius.com.br\/#organization","name":"Finocchio & Ustra Advogados - FIUS Advogados - Campinas \/ S\u00e3o Paulo","url":"https:\/\/www.fius.com.br\/","logo":{"@type":"ImageObject","inLanguage":"en-US","@id":"https:\/\/www.fius.com.br\/#\/schema\/logo\/image\/","url":"https:\/\/www.fius.com.br\/wp-content\/uploads\/2024\/02\/Logo-300x300-1.png","contentUrl":"https:\/\/www.fius.com.br\/wp-content\/uploads\/2024\/02\/Logo-300x300-1.png","width":300,"height":300,"caption":"Finocchio & Ustra Advogados - FIUS Advogados - Campinas \/ S\u00e3o Paulo"},"image":{"@id":"https:\/\/www.fius.com.br\/#\/schema\/logo\/image\/"}}]}},"_links":{"self":[{"href":"https:\/\/www.fius.com.br\/en\/wp-json\/wp\/v2\/pages\/11377","targetHints":{"allow":["GET"]}}],"collection":[{"href":"https:\/\/www.fius.com.br\/en\/wp-json\/wp\/v2\/pages"}],"about":[{"href":"https:\/\/www.fius.com.br\/en\/wp-json\/wp\/v2\/types\/page"}],"author":[{"embeddable":true,"href":"https:\/\/www.fius.com.br\/en\/wp-json\/wp\/v2\/users\/1"}],"replies":[{"embeddable":true,"href":"https:\/\/www.fius.com.br\/en\/wp-json\/wp\/v2\/comments?post=11377"}],"version-history":[{"count":9,"href":"https:\/\/www.fius.com.br\/en\/wp-json\/wp\/v2\/pages\/11377\/revisions"}],"predecessor-version":[{"id":16131,"href":"https:\/\/www.fius.com.br\/en\/wp-json\/wp\/v2\/pages\/11377\/revisions\/16131"}],"wp:attachment":[{"href":"https:\/\/www.fius.com.br\/en\/wp-json\/wp\/v2\/media?parent=11377"}],"wp:term":[{"taxonomy":"author","embeddable":true,"href":"https:\/\/www.fius.com.br\/en\/wp-json\/wp\/v2\/coauthors?post=11377"}],"curies":[{"name":"wp","href":"https:\/\/api.w.org\/{rel}","templated":true}]}}