{"id":10085,"date":"2022-11-21T12:29:21","date_gmt":"2022-11-21T15:29:21","guid":{"rendered":"https:\/\/2024.fius.com.br\/?page_id=10085"},"modified":"2026-03-26T18:36:55","modified_gmt":"2026-03-26T21:36:55","slug":"felipe-lopes-de-faria-cervone","status":"publish","type":"page","link":"https:\/\/www.fius.com.br\/en\/team\/felipe-lopes-de-faria-cervone\/","title":{"rendered":"FELIPE LOPES DE FARIA CERVONE"},"content":{"rendered":"\t\t<div data-elementor-type=\"wp-page\" data-elementor-id=\"10085\" class=\"elementor elementor-10085\" data-elementor-post-type=\"page\">\n\t\t\t\t\t\t<section class=\"elementor-section elementor-top-section elementor-element elementor-element-8411b2e elementor-section-stretched elementor-section-boxed elementor-section-height-default elementor-section-height-default\" data-id=\"8411b2e\" data-element_type=\"section\" data-e-type=\"section\" data-settings=\"{&quot;stretch_section&quot;:&quot;section-stretched&quot;,&quot;background_background&quot;:&quot;classic&quot;}\">\n\t\t\t\t\t\t<div class=\"elementor-container elementor-column-gap-default\">\n\t\t\t\t\t<div class=\"aux-parallax-section elementor-column elementor-col-100 elementor-top-column elementor-element elementor-element-bc49e59\" data-id=\"bc49e59\" data-element_type=\"column\" data-e-type=\"column\">\n\t\t\t<div class=\"elementor-widget-wrap elementor-element-populated\">\n\t\t\t\t\t\t<div class=\"elementor-element elementor-element-0926a1c elementor-icon-list--layout-inline elementor-widget__width-auto elementor-list-item-link-full_width elementor-widget elementor-widget-icon-list\" data-id=\"0926a1c\" data-element_type=\"widget\" data-e-type=\"widget\" data-widget_type=\"icon-list.default\">\n\t\t\t\t<div class=\"elementor-widget-container\">\n\t\t\t\t\t\t\t<ul class=\"elementor-icon-list-items elementor-inline-items\">\n\t\t\t\t\t\t\t<li class=\"elementor-icon-list-item elementor-inline-item\">\n\t\t\t\t\t\t\t\t\t\t\t<a href=\"https:\/\/www.fius.com.br\/areas\/\">\n\n\t\t\t\t\t\t\t\t\t\t\t<span class=\"elementor-icon-list-text\"><b>Area<\/b><\/span>\n\t\t\t\t\t\t\t\t\t\t\t<\/a>\n\t\t\t\t\t\t\t\t\t<\/li>\n\t\t\t\t\t\t\t\t<li class=\"elementor-icon-list-item elementor-inline-item\">\n\t\t\t\t\t\t\t\t\t\t<span class=\"elementor-icon-list-text\">Corporate, Banking and Corporate Finance<\/span>\n\t\t\t\t\t\t\t\t\t<\/li>\n\t\t\t\t\t\t<\/ul>\n\t\t\t\t\t\t<\/div>\n\t\t\t\t<\/div>\n\t\t\t\t\t<\/div>\n\t\t<\/div>\n\t\t\t\t\t<\/div>\n\t\t<\/section>\n\t\t\t\t<section class=\"elementor-section elementor-top-section elementor-element elementor-element-30113f5 elementor-section-stretched elementor-section-boxed elementor-section-height-default elementor-section-height-default\" data-id=\"30113f5\" data-element_type=\"section\" data-e-type=\"section\" data-settings=\"{&quot;stretch_section&quot;:&quot;section-stretched&quot;,&quot;background_background&quot;:&quot;classic&quot;}\">\n\t\t\t\t\t\t<div class=\"elementor-container elementor-column-gap-default\">\n\t\t\t\t\t<div class=\"aux-parallax-section elementor-column elementor-col-100 elementor-top-column elementor-element elementor-element-b5626b5\" data-id=\"b5626b5\" data-element_type=\"column\" data-e-type=\"column\">\n\t\t\t<div class=\"elementor-widget-wrap elementor-element-populated\">\n\t\t\t\t\t\t<div class=\"elementor-element elementor-element-f31745d elementor-widget elementor-widget-spacer\" data-id=\"f31745d\" data-element_type=\"widget\" data-e-type=\"widget\" data-widget_type=\"spacer.default\">\n\t\t\t\t<div class=\"elementor-widget-container\">\n\t\t\t\t\t\t\t<div class=\"elementor-spacer\">\n\t\t\t<div class=\"elementor-spacer-inner\"><\/div>\n\t\t<\/div>\n\t\t\t\t\t\t<\/div>\n\t\t\t\t<\/div>\n\t\t\t\t\t<\/div>\n\t\t<\/div>\n\t\t\t\t\t<\/div>\n\t\t<\/section>\n\t\t\t\t<section class=\"elementor-section elementor-top-section elementor-element elementor-element-47e26a5 elementor-section-stretched elementor-section-boxed elementor-section-height-default elementor-section-height-default\" data-id=\"47e26a5\" data-element_type=\"section\" data-e-type=\"section\" data-settings=\"{&quot;stretch_section&quot;:&quot;section-stretched&quot;,&quot;background_background&quot;:&quot;classic&quot;}\">\n\t\t\t\t\t\t<div class=\"elementor-container elementor-column-gap-wide\">\n\t\t\t\t\t<div class=\"aux-parallax-section elementor-column elementor-col-50 elementor-top-column elementor-element elementor-element-371f3f6\" data-id=\"371f3f6\" data-element_type=\"column\" data-e-type=\"column\">\n\t\t\t<div class=\"elementor-widget-wrap elementor-element-populated\">\n\t\t\t\t\t\t<div class=\"elementor-element elementor-element-b742c0a elementor-widget elementor-widget-text-editor\" data-id=\"b742c0a\" data-element_type=\"widget\" data-e-type=\"widget\" data-widget_type=\"text-editor.default\">\n\t\t\t\t<div class=\"elementor-widget-container\">\n\t\t\t\t\t\t\t\t\t<p>Specialized in Contract Law and Private International Law, Felipe has been working for over 17 years in structuring and negotiating corporate and financial transactions, representing Brazilian, international companies and financial institutions. He has experience in mergers and acquisitions, corporate reorganizations, joint ventures, succession planning, financial and capital markets transactions governance, debt restructuring, debt issuance, structured debt finance, foreign exchange and foreign trade, banking, real estate, and agribusiness.<\/p><p><strong>Member of the Brazilian Bar Association (OAB)<\/strong><\/p>\t\t\t\t\t\t\t\t<\/div>\n\t\t\t\t<\/div>\n\t\t\t\t<div class=\"elementor-element elementor-element-b0197c5 elementor-widget elementor-widget-text-editor\" data-id=\"b0197c5\" data-element_type=\"widget\" data-e-type=\"widget\" data-widget_type=\"text-editor.default\">\n\t\t\t\t<div class=\"elementor-widget-container\">\n\t\t\t\t\t\t\t\t\t<ul><li>Specialization in Corporate Finance and I&amp;B, USP S\u00e3o Paulo \u2013 FIA, 2014<\/li><li>Project Finance, Secondment Linklaters LLP \u2013 London, England, 2010<\/li><li>Law Degree, Universidade Presbiteriana Mackenzie \u2013 S\u00e3o Paulo, 2008<\/li><li>Contracts, Academy of International Law \u2013 The Hague, Netherlands, 2007<\/li><li>Commercial Law, University of Florence \u2013 Italy, 2007<\/li><li>High School Diploma, Tecumseh High School \u2013 Ohio, USA, 2003<\/li><\/ul>\t\t\t\t\t\t\t\t<\/div>\n\t\t\t\t<\/div>\n\t\t\t\t<div class=\"elementor-element elementor-element-11ca831 elementor-widget elementor-widget-text-editor\" data-id=\"11ca831\" data-element_type=\"widget\" data-e-type=\"widget\" data-widget_type=\"text-editor.default\">\n\t\t\t\t<div class=\"elementor-widget-container\">\n\t\t\t\t\t\t\t\t\t<p><strong><span lang=\"PT-BR\" xml:lang=\"PT-BR\" data-contrast=\"auto\">Recognitions<\/span><\/strong><\/p>\n<p>Leaders League \u2013 M&amp;A: Rising Firms (2025),&nbsp;M&amp;A Small-cap: Recommended (2026)<\/p>\t\t\t\t\t\t\t\t<\/div>\n\t\t\t\t<\/div>\n\t\t\t\t\t<\/div>\n\t\t<\/div>\n\t\t\t\t<div class=\"aux-parallax-section elementor-column elementor-col-50 elementor-top-column elementor-element elementor-element-a09bacb\" data-id=\"a09bacb\" data-element_type=\"column\" data-e-type=\"column\">\n\t\t\t<div class=\"elementor-widget-wrap elementor-element-populated\">\n\t\t\t\t\t\t<section class=\"elementor-section elementor-inner-section elementor-element elementor-element-3fbab4c elementor-section-boxed elementor-section-height-default elementor-section-height-default\" data-id=\"3fbab4c\" data-element_type=\"section\" data-e-type=\"section\">\n\t\t\t\t\t\t<div class=\"elementor-container elementor-column-gap-default\">\n\t\t\t\t\t<div class=\"aux-parallax-section elementor-column elementor-col-100 elementor-inner-column elementor-element elementor-element-b1d3f94\" data-id=\"b1d3f94\" data-element_type=\"column\" data-e-type=\"column\">\n\t\t\t<div class=\"elementor-widget-wrap elementor-element-populated\">\n\t\t\t\t\t\t<div class=\"elementor-element elementor-element-c8a0e3a elementor-widget elementor-widget-image\" data-id=\"c8a0e3a\" data-element_type=\"widget\" data-e-type=\"widget\" data-widget_type=\"image.default\">\n\t\t\t\t<div class=\"elementor-widget-container\">\n\t\t\t\t\t\t\t\t\t\t\t\t\t\t\t<img decoding=\"async\" width=\"223\" height=\"223\" src=\"https:\/\/www.fius.com.br\/wp-content\/uploads\/2024\/11\/Cervone.png\" class=\"attachment-full size-full wp-image-20712\" alt=\"\" srcset=\"https:\/\/www.fius.com.br\/wp-content\/uploads\/2024\/11\/Cervone.png 223w, https:\/\/www.fius.com.br\/wp-content\/uploads\/2024\/11\/Cervone-150x150.png 150w, https:\/\/www.fius.com.br\/wp-content\/uploads\/2024\/11\/Cervone-120x120.png 120w\" sizes=\"(max-width: 223px) 100vw, 223px\" \/>\t\t\t\t\t\t\t\t\t\t\t\t\t\t\t<\/div>\n\t\t\t\t<\/div>\n\t\t\t\t<div class=\"elementor-element elementor-element-0138c63 elementor-widget elementor-widget-heading\" data-id=\"0138c63\" data-element_type=\"widget\" data-e-type=\"widget\" data-widget_type=\"heading.default\">\n\t\t\t\t<div class=\"elementor-widget-container\">\n\t\t\t\t\t<div class=\"elementor-heading-title elementor-size-default\">FELIPE LOPES DE FARIA CERVONE<\/div>\t\t\t\t<\/div>\n\t\t\t\t<\/div>\n\t\t\t\t<div class=\"elementor-element elementor-element-a9a43a9 elementor-widget elementor-widget-text-editor\" data-id=\"a9a43a9\" data-element_type=\"widget\" data-e-type=\"widget\" data-widget_type=\"text-editor.default\">\n\t\t\t\t<div class=\"elementor-widget-container\">\n\t\t\t\t\t\t\t\t\t<p><strong>Partner<\/strong><\/p>\t\t\t\t\t\t\t\t<\/div>\n\t\t\t\t<\/div>\n\t\t\t\t<div class=\"elementor-element elementor-element-79e2851 elementor-widget elementor-widget-text-editor\" data-id=\"79e2851\" data-element_type=\"widget\" data-e-type=\"widget\" data-widget_type=\"text-editor.default\">\n\t\t\t\t<div class=\"elementor-widget-container\">\n\t\t\t\t\t\t\t\t\t<p><em><span style=\"color: #0084c2;\"><a style=\"color: #0084c2;\" href=\"mailto:felipe.cervone@fius.com.br\" target=\"_blank\" rel=\"noopener\">felipe.cervone@fius.com.br<\/a><\/span><\/em><\/p>\t\t\t\t\t\t\t\t<\/div>\n\t\t\t\t<\/div>\n\t\t\t\t\t<\/div>\n\t\t<\/div>\n\t\t\t\t\t<\/div>\n\t\t<\/section>\n\t\t\t\t\t<\/div>\n\t\t<\/div>\n\t\t\t\t\t<\/div>\n\t\t<\/section>\n\t\t\t\t<section class=\"elementor-section elementor-top-section elementor-element elementor-element-3900938 elementor-section-stretched elementor-section-boxed elementor-section-height-default elementor-section-height-default\" data-id=\"3900938\" data-element_type=\"section\" data-e-type=\"section\" data-settings=\"{&quot;stretch_section&quot;:&quot;section-stretched&quot;,&quot;background_background&quot;:&quot;classic&quot;}\">\n\t\t\t\t\t\t<div class=\"elementor-container elementor-column-gap-default\">\n\t\t\t\t\t<div class=\"aux-parallax-section elementor-column elementor-col-100 elementor-top-column elementor-element elementor-element-4602347\" data-id=\"4602347\" data-element_type=\"column\" data-e-type=\"column\">\n\t\t\t<div class=\"elementor-widget-wrap elementor-element-populated\">\n\t\t\t\t\t\t<div class=\"elementor-element elementor-element-3ec1de5 elementor-widget elementor-widget-spacer\" data-id=\"3ec1de5\" data-element_type=\"widget\" data-e-type=\"widget\" data-widget_type=\"spacer.default\">\n\t\t\t\t<div class=\"elementor-widget-container\">\n\t\t\t\t\t\t\t<div class=\"elementor-spacer\">\n\t\t\t<div class=\"elementor-spacer-inner\"><\/div>\n\t\t<\/div>\n\t\t\t\t\t\t<\/div>\n\t\t\t\t<\/div>\n\t\t\t\t\t<\/div>\n\t\t<\/div>\n\t\t\t\t\t<\/div>\n\t\t<\/section>\n\t\t\t\t<\/div>\n\t\t","protected":false},"excerpt":{"rendered":"<p>Area Corporate, Banking and Corporate Finance Specialized in Contract Law and Private International Law, Felipe has been working for over 17 years in structuring and negotiating corporate and financial transactions, representing Brazilian, international companies and financial institutions. He has experience in mergers and acquisitions, corporate reorganizations, joint ventures, succession planning, financial and capital markets transactions [&hellip;]<\/p>\n","protected":false},"author":1,"featured_media":0,"parent":9701,"menu_order":0,"comment_status":"closed","ping_status":"closed","template":"","meta":{"_acf_changed":false,"om_disable_all_campaigns":false,"_monsterinsights_skip_tracking":false,"_monsterinsights_sitenote_active":false,"_monsterinsights_sitenote_note":"","_monsterinsights_sitenote_category":0,"_uf_show_specific_survey":0,"_uf_disable_surveys":false,"footnotes":""},"coauthors":[58],"class_list":["post-10085","page","type-page","status-publish","hentry"],"acf":[],"yoast_head":"<!-- This site is optimized with the Yoast SEO plugin v27.5 - https:\/\/yoast.com\/product\/yoast-seo-wordpress\/ -->\n<title>FELIPE LOPES DE FARIA CERVONE - Finocchio &amp; Ustra Advogados - FIUS Advogados - Campinas \/ S\u00e3o Paulo<\/title>\n<meta name=\"robots\" content=\"index, follow, max-snippet:-1, max-image-preview:large, max-video-preview:-1\" \/>\n<link rel=\"canonical\" href=\"https:\/\/www.fius.com.br\/time\/felipe-lopes-de-faria-cervone\/\" \/>\n<meta property=\"og:locale\" content=\"en_US\" \/>\n<meta property=\"og:type\" content=\"article\" \/>\n<meta property=\"og:title\" content=\"FELIPE LOPES DE FARIA CERVONE - Finocchio &amp; Ustra Advogados - FIUS Advogados - Campinas \/ S\u00e3o Paulo\" \/>\n<meta property=\"og:description\" content=\"Area Corporate, Banking and Corporate Finance Specialized in Contract Law and Private International Law, Felipe has been working for over 17 years in structuring and negotiating corporate and financial transactions, representing Brazilian, international companies and financial institutions. He has experience in mergers and acquisitions, corporate reorganizations, joint ventures, succession planning, financial and capital markets transactions [&hellip;]\" \/>\n<meta property=\"og:url\" content=\"https:\/\/www.fius.com.br\/time\/felipe-lopes-de-faria-cervone\/\" \/>\n<meta property=\"og:site_name\" content=\"Finocchio &amp; Ustra Advogados - FIUS Advogados - Campinas \/ S\u00e3o Paulo\" \/>\n<meta property=\"article:modified_time\" content=\"2026-03-26T21:36:55+00:00\" \/>\n<meta property=\"og:image\" content=\"https:\/\/www.fius.com.br\/wp-content\/uploads\/2024\/11\/Cervone.png\" \/>\n\t<meta property=\"og:image:width\" content=\"223\" \/>\n\t<meta property=\"og:image:height\" content=\"223\" \/>\n\t<meta property=\"og:image:type\" content=\"image\/png\" \/>\n<meta name=\"twitter:card\" content=\"summary_large_image\" \/>\n<meta name=\"twitter:label1\" content=\"Est. reading time\" \/>\n\t<meta name=\"twitter:data1\" content=\"2 minutes\" \/>\n<script type=\"application\/ld+json\" class=\"yoast-schema-graph\">{\"@context\":\"https:\\\/\\\/schema.org\",\"@graph\":[{\"@type\":\"WebPage\",\"@id\":\"https:\\\/\\\/www.fius.com.br\\\/time\\\/felipe-lopes-de-faria-cervone\\\/\",\"url\":\"https:\\\/\\\/www.fius.com.br\\\/time\\\/felipe-lopes-de-faria-cervone\\\/\",\"name\":\"FELIPE LOPES DE FARIA CERVONE - Finocchio &amp; Ustra Advogados - FIUS Advogados - Campinas \\\/ S\u00e3o Paulo\",\"isPartOf\":{\"@id\":\"https:\\\/\\\/www.fius.com.br\\\/#website\"},\"primaryImageOfPage\":{\"@id\":\"https:\\\/\\\/www.fius.com.br\\\/time\\\/felipe-lopes-de-faria-cervone\\\/#primaryimage\"},\"image\":{\"@id\":\"https:\\\/\\\/www.fius.com.br\\\/time\\\/felipe-lopes-de-faria-cervone\\\/#primaryimage\"},\"thumbnailUrl\":\"https:\\\/\\\/www.fius.com.br\\\/wp-content\\\/uploads\\\/2024\\\/11\\\/Cervone.png\",\"datePublished\":\"2022-11-21T15:29:21+00:00\",\"dateModified\":\"2026-03-26T21:36:55+00:00\",\"breadcrumb\":{\"@id\":\"https:\\\/\\\/www.fius.com.br\\\/time\\\/felipe-lopes-de-faria-cervone\\\/#breadcrumb\"},\"inLanguage\":\"en-US\",\"potentialAction\":[{\"@type\":\"ReadAction\",\"target\":[\"https:\\\/\\\/www.fius.com.br\\\/time\\\/felipe-lopes-de-faria-cervone\\\/\"]}]},{\"@type\":\"ImageObject\",\"inLanguage\":\"en-US\",\"@id\":\"https:\\\/\\\/www.fius.com.br\\\/time\\\/felipe-lopes-de-faria-cervone\\\/#primaryimage\",\"url\":\"https:\\\/\\\/www.fius.com.br\\\/wp-content\\\/uploads\\\/2024\\\/11\\\/Cervone.png\",\"contentUrl\":\"https:\\\/\\\/www.fius.com.br\\\/wp-content\\\/uploads\\\/2024\\\/11\\\/Cervone.png\"},{\"@type\":\"BreadcrumbList\",\"@id\":\"https:\\\/\\\/www.fius.com.br\\\/time\\\/felipe-lopes-de-faria-cervone\\\/#breadcrumb\",\"itemListElement\":[{\"@type\":\"ListItem\",\"position\":1,\"name\":\"Team\",\"item\":\"https:\\\/\\\/www.fius.com.br\\\/time\\\/\"},{\"@type\":\"ListItem\",\"position\":2,\"name\":\"FELIPE LOPES DE FARIA CERVONE\"}]},{\"@type\":\"WebSite\",\"@id\":\"https:\\\/\\\/www.fius.com.br\\\/#website\",\"url\":\"https:\\\/\\\/www.fius.com.br\\\/\",\"name\":\"Finocchio & Ustra Advogados - FIUS Advogados - Campinas \\\/ S\u00e3o Paulo\",\"description\":\"Finocchio &amp; Ustra Advogados. Oferecemos suporte jur\u00eddico na gest\u00e3o de riscos e nos processos de tomada de decis\u00e3o para melhorar o neg\u00f3cio dos nossos clientes.\",\"publisher\":{\"@id\":\"https:\\\/\\\/www.fius.com.br\\\/#organization\"},\"potentialAction\":[{\"@type\":\"SearchAction\",\"target\":{\"@type\":\"EntryPoint\",\"urlTemplate\":\"https:\\\/\\\/www.fius.com.br\\\/?s={search_term_string}\"},\"query-input\":{\"@type\":\"PropertyValueSpecification\",\"valueRequired\":true,\"valueName\":\"search_term_string\"}}],\"inLanguage\":\"en-US\"},{\"@type\":\"Organization\",\"@id\":\"https:\\\/\\\/www.fius.com.br\\\/#organization\",\"name\":\"Finocchio & Ustra Advogados - FIUS Advogados - Campinas \\\/ S\u00e3o Paulo\",\"url\":\"https:\\\/\\\/www.fius.com.br\\\/\",\"logo\":{\"@type\":\"ImageObject\",\"inLanguage\":\"en-US\",\"@id\":\"https:\\\/\\\/www.fius.com.br\\\/#\\\/schema\\\/logo\\\/image\\\/\",\"url\":\"https:\\\/\\\/www.fius.com.br\\\/wp-content\\\/uploads\\\/2024\\\/02\\\/Logo-300x300-1.png\",\"contentUrl\":\"https:\\\/\\\/www.fius.com.br\\\/wp-content\\\/uploads\\\/2024\\\/02\\\/Logo-300x300-1.png\",\"width\":300,\"height\":300,\"caption\":\"Finocchio & Ustra Advogados - FIUS Advogados - Campinas \\\/ S\u00e3o Paulo\"},\"image\":{\"@id\":\"https:\\\/\\\/www.fius.com.br\\\/#\\\/schema\\\/logo\\\/image\\\/\"}}]}<\/script>\n<!-- \/ Yoast SEO plugin. -->","yoast_head_json":{"title":"FELIPE LOPES DE FARIA CERVONE - Finocchio &amp; Ustra Advogados - FIUS Advogados - Campinas \/ S\u00e3o Paulo","robots":{"index":"index","follow":"follow","max-snippet":"max-snippet:-1","max-image-preview":"max-image-preview:large","max-video-preview":"max-video-preview:-1"},"canonical":"https:\/\/www.fius.com.br\/time\/felipe-lopes-de-faria-cervone\/","og_locale":"en_US","og_type":"article","og_title":"FELIPE LOPES DE FARIA CERVONE - Finocchio &amp; Ustra Advogados - FIUS Advogados - Campinas \/ S\u00e3o Paulo","og_description":"Area Corporate, Banking and Corporate Finance Specialized in Contract Law and Private International Law, Felipe has been working for over 17 years in structuring and negotiating corporate and financial transactions, representing Brazilian, international companies and financial institutions. He has experience in mergers and acquisitions, corporate reorganizations, joint ventures, succession planning, financial and capital markets transactions [&hellip;]","og_url":"https:\/\/www.fius.com.br\/time\/felipe-lopes-de-faria-cervone\/","og_site_name":"Finocchio &amp; Ustra Advogados - FIUS Advogados - Campinas \/ S\u00e3o Paulo","article_modified_time":"2026-03-26T21:36:55+00:00","og_image":[{"width":223,"height":223,"url":"https:\/\/www.fius.com.br\/wp-content\/uploads\/2024\/11\/Cervone.png","type":"image\/png"}],"twitter_card":"summary_large_image","twitter_misc":{"Est. reading time":"2 minutes"},"schema":{"@context":"https:\/\/schema.org","@graph":[{"@type":"WebPage","@id":"https:\/\/www.fius.com.br\/time\/felipe-lopes-de-faria-cervone\/","url":"https:\/\/www.fius.com.br\/time\/felipe-lopes-de-faria-cervone\/","name":"FELIPE LOPES DE FARIA CERVONE - Finocchio &amp; Ustra Advogados - FIUS Advogados - Campinas \/ S\u00e3o Paulo","isPartOf":{"@id":"https:\/\/www.fius.com.br\/#website"},"primaryImageOfPage":{"@id":"https:\/\/www.fius.com.br\/time\/felipe-lopes-de-faria-cervone\/#primaryimage"},"image":{"@id":"https:\/\/www.fius.com.br\/time\/felipe-lopes-de-faria-cervone\/#primaryimage"},"thumbnailUrl":"https:\/\/www.fius.com.br\/wp-content\/uploads\/2024\/11\/Cervone.png","datePublished":"2022-11-21T15:29:21+00:00","dateModified":"2026-03-26T21:36:55+00:00","breadcrumb":{"@id":"https:\/\/www.fius.com.br\/time\/felipe-lopes-de-faria-cervone\/#breadcrumb"},"inLanguage":"en-US","potentialAction":[{"@type":"ReadAction","target":["https:\/\/www.fius.com.br\/time\/felipe-lopes-de-faria-cervone\/"]}]},{"@type":"ImageObject","inLanguage":"en-US","@id":"https:\/\/www.fius.com.br\/time\/felipe-lopes-de-faria-cervone\/#primaryimage","url":"https:\/\/www.fius.com.br\/wp-content\/uploads\/2024\/11\/Cervone.png","contentUrl":"https:\/\/www.fius.com.br\/wp-content\/uploads\/2024\/11\/Cervone.png"},{"@type":"BreadcrumbList","@id":"https:\/\/www.fius.com.br\/time\/felipe-lopes-de-faria-cervone\/#breadcrumb","itemListElement":[{"@type":"ListItem","position":1,"name":"Team","item":"https:\/\/www.fius.com.br\/time\/"},{"@type":"ListItem","position":2,"name":"FELIPE LOPES DE FARIA CERVONE"}]},{"@type":"WebSite","@id":"https:\/\/www.fius.com.br\/#website","url":"https:\/\/www.fius.com.br\/","name":"Finocchio & Ustra Advogados - FIUS Advogados - Campinas \/ S\u00e3o Paulo","description":"Finocchio &amp; Ustra Advogados. Oferecemos suporte jur\u00eddico na gest\u00e3o de riscos e nos processos de tomada de decis\u00e3o para melhorar o neg\u00f3cio dos nossos clientes.","publisher":{"@id":"https:\/\/www.fius.com.br\/#organization"},"potentialAction":[{"@type":"SearchAction","target":{"@type":"EntryPoint","urlTemplate":"https:\/\/www.fius.com.br\/?s={search_term_string}"},"query-input":{"@type":"PropertyValueSpecification","valueRequired":true,"valueName":"search_term_string"}}],"inLanguage":"en-US"},{"@type":"Organization","@id":"https:\/\/www.fius.com.br\/#organization","name":"Finocchio & Ustra Advogados - FIUS Advogados - Campinas \/ S\u00e3o Paulo","url":"https:\/\/www.fius.com.br\/","logo":{"@type":"ImageObject","inLanguage":"en-US","@id":"https:\/\/www.fius.com.br\/#\/schema\/logo\/image\/","url":"https:\/\/www.fius.com.br\/wp-content\/uploads\/2024\/02\/Logo-300x300-1.png","contentUrl":"https:\/\/www.fius.com.br\/wp-content\/uploads\/2024\/02\/Logo-300x300-1.png","width":300,"height":300,"caption":"Finocchio & Ustra Advogados - FIUS Advogados - Campinas \/ S\u00e3o Paulo"},"image":{"@id":"https:\/\/www.fius.com.br\/#\/schema\/logo\/image\/"}}]}},"_links":{"self":[{"href":"https:\/\/www.fius.com.br\/en\/wp-json\/wp\/v2\/pages\/10085","targetHints":{"allow":["GET"]}}],"collection":[{"href":"https:\/\/www.fius.com.br\/en\/wp-json\/wp\/v2\/pages"}],"about":[{"href":"https:\/\/www.fius.com.br\/en\/wp-json\/wp\/v2\/types\/page"}],"author":[{"embeddable":true,"href":"https:\/\/www.fius.com.br\/en\/wp-json\/wp\/v2\/users\/1"}],"replies":[{"embeddable":true,"href":"https:\/\/www.fius.com.br\/en\/wp-json\/wp\/v2\/comments?post=10085"}],"version-history":[{"count":22,"href":"https:\/\/www.fius.com.br\/en\/wp-json\/wp\/v2\/pages\/10085\/revisions"}],"predecessor-version":[{"id":26096,"href":"https:\/\/www.fius.com.br\/en\/wp-json\/wp\/v2\/pages\/10085\/revisions\/26096"}],"up":[{"embeddable":true,"href":"https:\/\/www.fius.com.br\/en\/wp-json\/wp\/v2\/pages\/9701"}],"wp:attachment":[{"href":"https:\/\/www.fius.com.br\/en\/wp-json\/wp\/v2\/media?parent=10085"}],"wp:term":[{"taxonomy":"author","embeddable":true,"href":"https:\/\/www.fius.com.br\/en\/wp-json\/wp\/v2\/coauthors?post=10085"}],"curies":[{"name":"wp","href":"https:\/\/api.w.org\/{rel}","templated":true}]}}